{"id":230,"date":"2025-03-17T09:47:00","date_gmt":"2025-03-17T09:47:00","guid":{"rendered":"https:\/\/abcxssefw.hlyhosted.at\/?page_id=230"},"modified":"2025-03-17T09:47:42","modified_gmt":"2025-03-17T09:47:42","slug":"impressum","status":"publish","type":"page","link":"https:\/\/abcxssefw.hlyhosted.at\/index.php\/impressum\/","title":{"rendered":"Impressum"},"content":{"rendered":"\t\t<div data-elementor-type=\"wp-page\" data-elementor-id=\"230\" class=\"elementor elementor-230\" data-elementor-post-type=\"page\">\n\t\t\t\t<div class=\"elementor-element elementor-element-0948f77 e-flex e-con-boxed e-con e-parent\" data-id=\"0948f77\" data-element_type=\"container\">\n\t\t\t\t\t<div class=\"e-con-inner\">\n\t\t\t\t<div class=\"elementor-element elementor-element-ef30b52 elementor-widget elementor-widget-heading\" data-id=\"ef30b52\" data-element_type=\"widget\" data-widget_type=\"heading.default\">\n\t\t\t\t<div class=\"elementor-widget-container\">\n\t\t\t\t\t<h2 class=\"elementor-heading-title elementor-size-default\">Impressum<\/h2>\t\t\t\t<\/div>\n\t\t\t\t<\/div>\n\t\t\t\t<div class=\"elementor-element elementor-element-9cbc7a5 elementor-widget elementor-widget-text-editor\" data-id=\"9cbc7a5\" data-element_type=\"widget\" data-widget_type=\"text-editor.default\">\n\t\t\t\t<div class=\"elementor-widget-container\">\n\t\t\t\t\t\t\t\t\t<section id=\"section-id-1582373699924\" class=\"sppb-section\"><div class=\"sppb-row-container\"><div class=\"sppb-row\"><div id=\"column-wrap-id-1582373699922\" class=\"sppb-col-md-6\"><div id=\"column-id-1582373699922\" class=\"sppb-column\"><div class=\"sppb-column-addons\"><div id=\"sppb-addon-wrapper-1582373835475\" class=\"sppb-addon-wrapper \"><div id=\"sppb-addon-1582373835475\" class=\"clearfix  \"><div class=\"sppb-addon sppb-addon-text-block \"><h3 class=\"sppb-addon-title\">F\u00fcr den Inhalt verantwortlich<\/h3><div class=\"sppb-addon-content\">Gertrud Calovi-Pichler<br \/>Am Gerberbach 201 j<br \/>A-9920 Sillian<br \/>T:\u00a0<a href=\"tel:0043484251182\">+43 4842 511 82<\/a><br \/>E:\u00a0<a href=\"mailto:info@appartements-pichler.at\">info@appartements-pichler.at<\/a><\/div><\/div><\/div><\/div><\/div><\/div><\/div><div id=\"column-wrap-id-1582373699923\" class=\"sppb-col-md-6\"><div id=\"column-id-1582373699923\" class=\"sppb-column\"><div class=\"sppb-column-addons\"><div id=\"sppb-addon-wrapper-1582373835472\" class=\"sppb-addon-wrapper \"><div id=\"sppb-addon-1582373835472\" class=\"clearfix  \"><div class=\"sppb-addon sppb-addon-text-block \"><h3 class=\"sppb-addon-title\">Konzeption, Layout, Programmierung<\/h3><div class=\"sppb-addon-content\"><p>Alphamedia Tirol GmbH<br \/>Aue 185 b<br \/>A-9920 Sillian<br \/><a href=\"http:\/\/www.alphamedia.tirol\">www.alphamedia.tirol<\/a><\/p><p><a href=\"http:\/\/www.alphamedia.co.at\/\" target=\"_blank\" rel=\"noopener noreferrer\"><img decoding=\"async\" src=\"https:\/\/www.transporte-mair.com\/images\/Logo.png\" alt=\"\" width=\"238\" height=\"57\" \/><\/a><\/p><\/div><\/div><\/div><\/div><\/div><\/div><\/div><\/div><\/div><\/section><section id=\"section-id-1582297883552\" class=\"sppb-section\"><div class=\"sppb-row-container\"><div class=\"sppb-row\"><div id=\"column-wrap-id-1582297883551\" class=\"sppb-col-md-12\"><div id=\"column-id-1582297883551\" class=\"sppb-column\"><div class=\"sppb-column-addons\"><div id=\"sppb-addon-wrapper-1582297883555\" class=\"sppb-addon-wrapper \"><div id=\"sppb-addon-1582297883555\" class=\"clearfix  \"><div class=\"sppb-addon sppb-addon-text-block \"><h1 class=\"sppb-addon-title\">Haftungsausschluss<\/h1><div class=\"sppb-addon-content\"><strong>Haftung f\u00fcr Inhalte<\/strong><p>Die Inhalte unserer Seiten wurden mit gr\u00f6\u00dfter Sorgfalt erstellt. F\u00fcr die Richtigkeit, Vollst\u00e4ndigkeit und Aktualit\u00e4t der Inhalte k\u00f6nnen wir jedoch keine Gew\u00e4hr \u00fcbernehmen. Als Diensteanbieter sind wir gem\u00e4\u00df \u00a7 7 Abs.1 TMG f\u00fcr eigene Inhalte auf diesen Seiten nach den allgemeinen Gesetzen verantwortlich. Nach \u00a7\u00a7 8 bis 10 TMG sind wir als Diensteanbieter jedoch nicht verpflichtet, \u00fcbermittelte oder gespeicherte fremde Informationen zu \u00fcberwachen oder nach Umst\u00e4nden zu forschen, die auf eine rechtswidrige T\u00e4tigkeit hinweisen. Verpflichtungen zur Entfernung oder Sperrung der Nutzung von Informationen nach den allgemeinen Gesetzen bleiben hiervon unber\u00fchrt. Eine diesbez\u00fcgliche Haftung ist jedoch erst ab dem Zeitpunkt der Kenntnis einer konkreten Rechtsverletzung m\u00f6glich. Bei Bekanntwerden von entsprechenden Rechtsverletzungen werden wir diese Inhalte umgehend entfernen.<\/p><p>\u00a0<\/p><p><strong>Haftung f\u00fcr Links<\/strong><\/p><p>Unser Angebot enth\u00e4lt Links zu externen Webseiten Dritter, auf deren Inhalte wir keinen Einfluss haben. Deshalb k\u00f6nnen wir f\u00fcr diese fremden Inhalte auch keine Gew\u00e4hr \u00fcbernehmen. F\u00fcr die Inhalte der verlinkten Seiten ist stets der jeweilige Anbieter oder Betreiber der Seiten verantwortlich. Die verlinkten Seiten wurden zum Zeitpunkt der Verlinkung auf m\u00f6gliche Rechtsverst\u00f6\u00dfe \u00fcberpr\u00fcft. Rechtswidrige Inhalte waren zum Zeitpunkt der Verlinkung nicht erkennbar. Eine permanente inhaltliche Kontrolle der verlinkten Seiten ist jedoch ohne konkrete Anhaltspunkte einer Rechtsverletzung nicht zumutbar. Bei Bekanntwerden von Rechtsverletzungen werden wir derartige Links umgehend entfernen.<\/p><p>\u00a0<\/p><p><strong>Urheberrecht<\/strong><\/p><p>Die durch die Seitenbetreiber erstellten Inhalte und Werke auf diesen Seiten unterliegen dem deutschen Urheberrecht. Die Vervielf\u00e4ltigung, Bearbeitung, Verbreitung und jede Art der Verwertung au\u00dferhalb der Grenzen des Urheberrechtes bed\u00fcrfen der schriftlichen Zustimmung des jeweiligen Autors bzw. Erstellers. Downloads und Kopien dieser Seite sind nur f\u00fcr den privaten, nicht kommerziellen Gebrauch gestattet. Soweit die Inhalte auf dieser Seite nicht vom Betreiber erstellt wurden, werden die Urheberrechte Dritter beachtet. Insbesondere werden Inhalte Dritter als solche gekennzeichnet. Sollten Sie trotzdem auf eine Urheberrechtsverletzung aufmerksam werden, bitten wir um einen entsprechenden Hinweis. Bei Bekanntwerden von Rechtsverletzungen werden wir derartige Inhalte umgehend entfernen.<\/p><p>\u00a0<\/p><p><strong>Datenschutz<\/strong><\/p><p>Die Nutzung unserer Webseite ist in der Regel ohne Angabe personenbezogener Daten m\u00f6glich. Soweit auf unseren Seiten personenbezogene Daten (beispielsweise Name, Anschrift oder eMail-Adressen) erhoben werden, erfolgt dies, soweit m\u00f6glich, stets auf freiwilliger Basis. Diese Daten werden ohne Ihre ausdr\u00fcckliche Zustimmung nicht an Dritte weitergegeben.\u00a0<br \/>Wir weisen darauf hin, dass die Daten\u00fcbertragung im Internet (z.B. bei der Kommunikation per E-Mail) Sicherheitsl\u00fccken aufweisen kann. Ein l\u00fcckenloser Schutz der Daten vor dem Zugriff durch Dritte ist nicht m\u00f6glich.\u00a0<br \/>Der Nutzung von im Rahmen der Impressumspflicht ver\u00f6ffentlichten Kontaktdaten durch Dritte zur \u00dcbersendung von nicht ausdr\u00fccklich angeforderter Werbung und Informationsmaterialien wird hiermit ausdr\u00fccklich widersprochen. Die Betreiber der Seiten behalten sich ausdr\u00fccklich rechtliche Schritte im Falle der unverlangten Zusendung von Werbeinformationen, etwa durch Spam-Mails, vor.<\/p><\/div><\/div><\/div><\/div><\/div><\/div><\/div><\/div><\/div><\/section>\t\t\t\t\t\t\t\t<\/div>\n\t\t\t\t<\/div>\n\t\t\t\t\t<\/div>\n\t\t\t\t<\/div>\n\t\t\t\t<\/div>\n\t\t","protected":false},"excerpt":{"rendered":"<p>Impressum F\u00fcr den Inhalt verantwortlich Gertrud Calovi-PichlerAm Gerberbach 201 jA-9920 SillianT:\u00a0+43 4842 511 82E:\u00a0info@appartements-pichler.at Konzeption, Layout, Programmierung Alphamedia Tirol GmbHAue 185 bA-9920 Sillianwww.alphamedia.tirol Haftungsausschluss Haftung f\u00fcr Inhalte Die Inhalte unserer Seiten wurden mit gr\u00f6\u00dfter Sorgfalt erstellt. F\u00fcr die Richtigkeit, Vollst\u00e4ndigkeit und Aktualit\u00e4t der Inhalte k\u00f6nnen wir jedoch keine Gew\u00e4hr \u00fcbernehmen. Als Diensteanbieter sind wir gem\u00e4\u00df [&hellip;]<\/p>\n","protected":false},"author":1,"featured_media":0,"parent":0,"menu_order":0,"comment_status":"closed","ping_status":"closed","template":"elementor_header_footer","meta":{"footnotes":""},"class_list":["post-230","page","type-page","status-publish","hentry","entry"],"yoast_head":"<!-- This site is optimized with the Yoast SEO plugin v25.0 - https:\/\/yoast.com\/wordpress\/plugins\/seo\/ -->\n<title>Impressum - Appartements Pichler<\/title>\n<meta name=\"robots\" content=\"noindex, nofollow\" \/>\n<meta property=\"og:locale\" content=\"de_DE\" \/>\n<meta property=\"og:type\" content=\"article\" \/>\n<meta property=\"og:title\" content=\"Impressum - Appartements Pichler\" \/>\n<meta property=\"og:description\" content=\"Impressum F\u00fcr den Inhalt verantwortlich Gertrud Calovi-PichlerAm Gerberbach 201 jA-9920 SillianT:\u00a0+43 4842 511 82E:\u00a0info@appartements-pichler.at Konzeption, Layout, Programmierung Alphamedia Tirol GmbHAue 185 bA-9920 Sillianwww.alphamedia.tirol Haftungsausschluss Haftung f\u00fcr Inhalte Die Inhalte unserer Seiten wurden mit gr\u00f6\u00dfter Sorgfalt erstellt. F\u00fcr die Richtigkeit, Vollst\u00e4ndigkeit und Aktualit\u00e4t der Inhalte k\u00f6nnen wir jedoch keine Gew\u00e4hr \u00fcbernehmen. Als Diensteanbieter sind wir gem\u00e4\u00df [&hellip;]\" \/>\n<meta property=\"og:url\" content=\"https:\/\/abcxssefw.hlyhosted.at\/index.php\/impressum\/\" \/>\n<meta property=\"og:site_name\" content=\"Appartements Pichler\" \/>\n<meta property=\"article:modified_time\" content=\"2025-03-17T09:47:42+00:00\" \/>\n<meta property=\"og:image\" content=\"https:\/\/www.transporte-mair.com\/images\/Logo.png\" \/>\n<meta name=\"twitter:card\" content=\"summary_large_image\" \/>\n<meta name=\"twitter:label1\" content=\"Gesch\u00e4tzte Lesezeit\" \/>\n\t<meta name=\"twitter:data1\" content=\"3\u00a0Minuten\" \/>\n<script type=\"application\/ld+json\" class=\"yoast-schema-graph\">{\"@context\":\"https:\/\/schema.org\",\"@graph\":[{\"@type\":\"WebPage\",\"@id\":\"https:\/\/abcxssefw.hlyhosted.at\/index.php\/impressum\/\",\"url\":\"https:\/\/abcxssefw.hlyhosted.at\/index.php\/impressum\/\",\"name\":\"Impressum - Appartements Pichler\",\"isPartOf\":{\"@id\":\"https:\/\/abcxssefw.hlyhosted.at\/#website\"},\"primaryImageOfPage\":{\"@id\":\"https:\/\/abcxssefw.hlyhosted.at\/index.php\/impressum\/#primaryimage\"},\"image\":{\"@id\":\"https:\/\/abcxssefw.hlyhosted.at\/index.php\/impressum\/#primaryimage\"},\"thumbnailUrl\":\"https:\/\/www.transporte-mair.com\/images\/Logo.png\",\"datePublished\":\"2025-03-17T09:47:00+00:00\",\"dateModified\":\"2025-03-17T09:47:42+00:00\",\"breadcrumb\":{\"@id\":\"https:\/\/abcxssefw.hlyhosted.at\/index.php\/impressum\/#breadcrumb\"},\"inLanguage\":\"de\",\"potentialAction\":[{\"@type\":\"ReadAction\",\"target\":[\"https:\/\/abcxssefw.hlyhosted.at\/index.php\/impressum\/\"]}]},{\"@type\":\"ImageObject\",\"inLanguage\":\"de\",\"@id\":\"https:\/\/abcxssefw.hlyhosted.at\/index.php\/impressum\/#primaryimage\",\"url\":\"https:\/\/www.transporte-mair.com\/images\/Logo.png\",\"contentUrl\":\"https:\/\/www.transporte-mair.com\/images\/Logo.png\"},{\"@type\":\"BreadcrumbList\",\"@id\":\"https:\/\/abcxssefw.hlyhosted.at\/index.php\/impressum\/#breadcrumb\",\"itemListElement\":[{\"@type\":\"ListItem\",\"position\":1,\"name\":\"Startseite\",\"item\":\"https:\/\/abcxssefw.hlyhosted.at\/\"},{\"@type\":\"ListItem\",\"position\":2,\"name\":\"Impressum\"}]},{\"@type\":\"WebSite\",\"@id\":\"https:\/\/abcxssefw.hlyhosted.at\/#website\",\"url\":\"https:\/\/abcxssefw.hlyhosted.at\/\",\"name\":\"Appartements Pichler\",\"description\":\"Ferienwohnungen Sillian\",\"publisher\":{\"@id\":\"https:\/\/abcxssefw.hlyhosted.at\/#organization\"},\"potentialAction\":[{\"@type\":\"SearchAction\",\"target\":{\"@type\":\"EntryPoint\",\"urlTemplate\":\"https:\/\/abcxssefw.hlyhosted.at\/?s={search_term_string}\"},\"query-input\":{\"@type\":\"PropertyValueSpecification\",\"valueRequired\":true,\"valueName\":\"search_term_string\"}}],\"inLanguage\":\"de\"},{\"@type\":\"Organization\",\"@id\":\"https:\/\/abcxssefw.hlyhosted.at\/#organization\",\"name\":\"Appartements Pichler\",\"url\":\"https:\/\/abcxssefw.hlyhosted.at\/\",\"logo\":{\"@type\":\"ImageObject\",\"inLanguage\":\"de\",\"@id\":\"https:\/\/abcxssefw.hlyhosted.at\/#\/schema\/logo\/image\/\",\"url\":\"https:\/\/abcxssefw.hlyhosted.at\/wp-content\/uploads\/2025\/03\/logo.png\",\"contentUrl\":\"https:\/\/abcxssefw.hlyhosted.at\/wp-content\/uploads\/2025\/03\/logo.png\",\"width\":4600,\"height\":2695,\"caption\":\"Appartements Pichler\"},\"image\":{\"@id\":\"https:\/\/abcxssefw.hlyhosted.at\/#\/schema\/logo\/image\/\"}}]}<\/script>\n<!-- \/ Yoast SEO plugin. -->","yoast_head_json":{"title":"Impressum - Appartements Pichler","robots":{"index":"noindex","follow":"nofollow"},"og_locale":"de_DE","og_type":"article","og_title":"Impressum - Appartements Pichler","og_description":"Impressum F\u00fcr den Inhalt verantwortlich Gertrud Calovi-PichlerAm Gerberbach 201 jA-9920 SillianT:\u00a0+43 4842 511 82E:\u00a0info@appartements-pichler.at Konzeption, Layout, Programmierung Alphamedia Tirol GmbHAue 185 bA-9920 Sillianwww.alphamedia.tirol Haftungsausschluss Haftung f\u00fcr Inhalte Die Inhalte unserer Seiten wurden mit gr\u00f6\u00dfter Sorgfalt erstellt. F\u00fcr die Richtigkeit, Vollst\u00e4ndigkeit und Aktualit\u00e4t der Inhalte k\u00f6nnen wir jedoch keine Gew\u00e4hr \u00fcbernehmen. Als Diensteanbieter sind wir gem\u00e4\u00df [&hellip;]","og_url":"https:\/\/abcxssefw.hlyhosted.at\/index.php\/impressum\/","og_site_name":"Appartements Pichler","article_modified_time":"2025-03-17T09:47:42+00:00","og_image":[{"url":"https:\/\/www.transporte-mair.com\/images\/Logo.png","type":"","width":"","height":""}],"twitter_card":"summary_large_image","twitter_misc":{"Gesch\u00e4tzte Lesezeit":"3\u00a0Minuten"},"schema":{"@context":"https:\/\/schema.org","@graph":[{"@type":"WebPage","@id":"https:\/\/abcxssefw.hlyhosted.at\/index.php\/impressum\/","url":"https:\/\/abcxssefw.hlyhosted.at\/index.php\/impressum\/","name":"Impressum - Appartements Pichler","isPartOf":{"@id":"https:\/\/abcxssefw.hlyhosted.at\/#website"},"primaryImageOfPage":{"@id":"https:\/\/abcxssefw.hlyhosted.at\/index.php\/impressum\/#primaryimage"},"image":{"@id":"https:\/\/abcxssefw.hlyhosted.at\/index.php\/impressum\/#primaryimage"},"thumbnailUrl":"https:\/\/www.transporte-mair.com\/images\/Logo.png","datePublished":"2025-03-17T09:47:00+00:00","dateModified":"2025-03-17T09:47:42+00:00","breadcrumb":{"@id":"https:\/\/abcxssefw.hlyhosted.at\/index.php\/impressum\/#breadcrumb"},"inLanguage":"de","potentialAction":[{"@type":"ReadAction","target":["https:\/\/abcxssefw.hlyhosted.at\/index.php\/impressum\/"]}]},{"@type":"ImageObject","inLanguage":"de","@id":"https:\/\/abcxssefw.hlyhosted.at\/index.php\/impressum\/#primaryimage","url":"https:\/\/www.transporte-mair.com\/images\/Logo.png","contentUrl":"https:\/\/www.transporte-mair.com\/images\/Logo.png"},{"@type":"BreadcrumbList","@id":"https:\/\/abcxssefw.hlyhosted.at\/index.php\/impressum\/#breadcrumb","itemListElement":[{"@type":"ListItem","position":1,"name":"Startseite","item":"https:\/\/abcxssefw.hlyhosted.at\/"},{"@type":"ListItem","position":2,"name":"Impressum"}]},{"@type":"WebSite","@id":"https:\/\/abcxssefw.hlyhosted.at\/#website","url":"https:\/\/abcxssefw.hlyhosted.at\/","name":"Appartements Pichler","description":"Ferienwohnungen Sillian","publisher":{"@id":"https:\/\/abcxssefw.hlyhosted.at\/#organization"},"potentialAction":[{"@type":"SearchAction","target":{"@type":"EntryPoint","urlTemplate":"https:\/\/abcxssefw.hlyhosted.at\/?s={search_term_string}"},"query-input":{"@type":"PropertyValueSpecification","valueRequired":true,"valueName":"search_term_string"}}],"inLanguage":"de"},{"@type":"Organization","@id":"https:\/\/abcxssefw.hlyhosted.at\/#organization","name":"Appartements Pichler","url":"https:\/\/abcxssefw.hlyhosted.at\/","logo":{"@type":"ImageObject","inLanguage":"de","@id":"https:\/\/abcxssefw.hlyhosted.at\/#\/schema\/logo\/image\/","url":"https:\/\/abcxssefw.hlyhosted.at\/wp-content\/uploads\/2025\/03\/logo.png","contentUrl":"https:\/\/abcxssefw.hlyhosted.at\/wp-content\/uploads\/2025\/03\/logo.png","width":4600,"height":2695,"caption":"Appartements Pichler"},"image":{"@id":"https:\/\/abcxssefw.hlyhosted.at\/#\/schema\/logo\/image\/"}}]}},"_links":{"self":[{"href":"https:\/\/abcxssefw.hlyhosted.at\/index.php\/wp-json\/wp\/v2\/pages\/230","targetHints":{"allow":["GET"]}}],"collection":[{"href":"https:\/\/abcxssefw.hlyhosted.at\/index.php\/wp-json\/wp\/v2\/pages"}],"about":[{"href":"https:\/\/abcxssefw.hlyhosted.at\/index.php\/wp-json\/wp\/v2\/types\/page"}],"author":[{"embeddable":true,"href":"https:\/\/abcxssefw.hlyhosted.at\/index.php\/wp-json\/wp\/v2\/users\/1"}],"replies":[{"embeddable":true,"href":"https:\/\/abcxssefw.hlyhosted.at\/index.php\/wp-json\/wp\/v2\/comments?post=230"}],"version-history":[{"count":4,"href":"https:\/\/abcxssefw.hlyhosted.at\/index.php\/wp-json\/wp\/v2\/pages\/230\/revisions"}],"predecessor-version":[{"id":234,"href":"https:\/\/abcxssefw.hlyhosted.at\/index.php\/wp-json\/wp\/v2\/pages\/230\/revisions\/234"}],"wp:attachment":[{"href":"https:\/\/abcxssefw.hlyhosted.at\/index.php\/wp-json\/wp\/v2\/media?parent=230"}],"curies":[{"name":"wp","href":"https:\/\/api.w.org\/{rel}","templated":true}]}}