{"id":88,"date":"2025-03-17T08:41:59","date_gmt":"2025-03-17T08:41:59","guid":{"rendered":"https:\/\/abcxssefw.hlyhosted.at\/?page_id=88"},"modified":"2025-03-17T10:12:16","modified_gmt":"2025-03-17T10:12:16","slug":"ferienwohnung-helm-sillian","status":"publish","type":"page","link":"https:\/\/abcxssefw.hlyhosted.at\/index.php\/ferienwohnung-helm-sillian\/","title":{"rendered":"Ferienwohnung Helm"},"content":{"rendered":"\t\t<div data-elementor-type=\"wp-page\" data-elementor-id=\"88\" class=\"elementor elementor-88\" data-elementor-post-type=\"page\">\n\t\t\t\t<div class=\"elementor-element elementor-element-02d9b6b e-flex e-con-boxed e-con e-parent\" data-id=\"02d9b6b\" data-element_type=\"container\">\n\t\t\t\t\t<div class=\"e-con-inner\">\n\t\t\t\t<div class=\"elementor-element elementor-element-e9d46d9 elementor-widget elementor-widget-heading\" data-id=\"e9d46d9\" data-element_type=\"widget\" data-widget_type=\"heading.default\">\n\t\t\t\t<div class=\"elementor-widget-container\">\n\t\t\t\t\t<h1 class=\"elementor-heading-title elementor-size-default\">Ferienwohnung \"Helm\"<\/h1>\t\t\t\t<\/div>\n\t\t\t\t<\/div>\n\t\t\t\t\t<\/div>\n\t\t\t\t<\/div>\n\t\t<div class=\"elementor-element elementor-element-dc31d71 e-flex e-con-boxed e-con e-parent\" data-id=\"dc31d71\" data-element_type=\"container\">\n\t\t\t\t\t<div class=\"e-con-inner\">\n\t\t<div class=\"elementor-element elementor-element-749737f e-con-full e-flex e-con e-child\" data-id=\"749737f\" data-element_type=\"container\">\n\t\t\t\t<div class=\"elementor-element elementor-element-ef504cf elementor-widget elementor-widget-image\" data-id=\"ef504cf\" data-element_type=\"widget\" data-widget_type=\"image.default\">\n\t\t\t\t<div class=\"elementor-widget-container\">\n\t\t\t\t\t\t\t\t\t\t\t\t\t\t\t<img fetchpriority=\"high\" decoding=\"async\" width=\"1024\" height=\"660\" src=\"https:\/\/abcxssefw.hlyhosted.at\/wp-content\/uploads\/2025\/03\/helm-zimmer.jpg\" class=\"attachment-large size-large wp-image-93\" alt=\"\" srcset=\"https:\/\/abcxssefw.hlyhosted.at\/wp-content\/uploads\/2025\/03\/helm-zimmer.jpg 1024w, https:\/\/abcxssefw.hlyhosted.at\/wp-content\/uploads\/2025\/03\/helm-zimmer-300x193.jpg 300w, https:\/\/abcxssefw.hlyhosted.at\/wp-content\/uploads\/2025\/03\/helm-zimmer-768x495.jpg 768w\" sizes=\"(max-width: 1024px) 100vw, 1024px\" \/>\t\t\t\t\t\t\t\t\t\t\t\t\t\t\t<\/div>\n\t\t\t\t<\/div>\n\t\t\t\t<\/div>\n\t\t<div class=\"elementor-element elementor-element-664d3d9 e-con-full e-flex e-con e-child\" data-id=\"664d3d9\" data-element_type=\"container\">\n\t\t\t\t<div class=\"elementor-element elementor-element-295d787 elementor-widget elementor-widget-text-editor\" data-id=\"295d787\" data-element_type=\"widget\" data-widget_type=\"text-editor.default\">\n\t\t\t\t<div class=\"elementor-widget-container\">\n\t\t\t\t\t\t\t\t\t<h2><strong>Das Appartement Helm (2-4 Personen)<\/strong><\/h2><p>besteht aus einem gro\u00dfen Doppelzimmer, einem separaten Badezimmer und einer voll ausgestatteten K\u00fcche, wo es auch ein Sofa f\u00fcr 2 Personen gibt. Bettw\u00e4sche und Handt\u00fccher sind im Preis inbegriffen.<\/p><p>Ca. 50 m\u00b2<\/p><p>K\u00fcche mit Backofen, Glaskeramikherd, Mikrowelle, Geschirrsp\u00fcler, K\u00fchlschrank, Balkon, WIFI, gro\u00dfe Couch f\u00fcr 2 Personen<\/p>\t\t\t\t\t\t\t\t<\/div>\n\t\t\t\t<\/div>\n\t\t\t\t<div class=\"elementor-element elementor-element-51fa3e4 elementor-align-right elementor-widget elementor-widget-button\" data-id=\"51fa3e4\" data-element_type=\"widget\" data-widget_type=\"button.default\">\n\t\t\t\t<div class=\"elementor-widget-container\">\n\t\t\t\t\t\t\t\t\t<div class=\"elementor-button-wrapper\">\n\t\t\t\t\t<a class=\"elementor-button elementor-button-link elementor-size-sm\" href=\"https:\/\/www.easy-booking.at\/bookingengine2\/#9963\/2\/category\/11\">\n\t\t\t\t\t\t<span class=\"elementor-button-content-wrapper\">\n\t\t\t\t\t\t\t\t\t<span class=\"elementor-button-text\">JETZT BUCHEN<\/span>\n\t\t\t\t\t<\/span>\n\t\t\t\t\t<\/a>\n\t\t\t\t<\/div>\n\t\t\t\t\t\t\t\t<\/div>\n\t\t\t\t<\/div>\n\t\t\t\t<\/div>\n\t\t\t\t\t<\/div>\n\t\t\t\t<\/div>\n\t\t<div class=\"elementor-element elementor-element-9162c8e e-flex e-con-boxed e-con e-parent\" data-id=\"9162c8e\" data-element_type=\"container\">\n\t\t\t\t\t<div class=\"e-con-inner\">\n\t\t\t\t<div class=\"elementor-element elementor-element-c865c01 elementor-widget elementor-widget-text-editor\" data-id=\"c865c01\" data-element_type=\"widget\" data-widget_type=\"text-editor.default\">\n\t\t\t\t<div class=\"elementor-widget-container\">\n\t\t\t\t\t\t\t\t\t<p><strong>Storno<\/strong><\/p><p>Bis zu 30 Tage vor der Anreise k\u00f6nnen G\u00e4ste kostenfrei stornieren. Der Gast zahlt im Falle einer Stornierung in den 30 Tagen vor der Anreise einen Betrag in H\u00f6he des Gesamtpreises.<\/p><p>Der Gast entrichtet als Vorauszahlung zu jeder Zeit einen Betrag in H\u00f6he des Gesamtpreises.<\/p><p>Sie akzeptieren Vorauszahlungen durch: Bank\u00fcberweisung. Sie veranlassen die R\u00fcckerstattung innerhalb von: 7 Tagen.<\/p>\t\t\t\t\t\t\t\t<\/div>\n\t\t\t\t<\/div>\n\t\t\t\t\t<\/div>\n\t\t\t\t<\/div>\n\t\t<div class=\"elementor-element elementor-element-dcf94b4 e-con-full e-flex e-con e-parent\" data-id=\"dcf94b4\" data-element_type=\"container\">\n\t\t\t\t<div class=\"elementor-element elementor-element-278c600 elementor-widget elementor-widget-gallery\" data-id=\"278c600\" data-element_type=\"widget\" data-settings=\"{&quot;columns&quot;:5,&quot;columns_mobile&quot;:2,&quot;lazyload&quot;:&quot;yes&quot;,&quot;gallery_layout&quot;:&quot;grid&quot;,&quot;columns_tablet&quot;:2,&quot;gap&quot;:{&quot;unit&quot;:&quot;px&quot;,&quot;size&quot;:10,&quot;sizes&quot;:[]},&quot;gap_tablet&quot;:{&quot;unit&quot;:&quot;px&quot;,&quot;size&quot;:10,&quot;sizes&quot;:[]},&quot;gap_mobile&quot;:{&quot;unit&quot;:&quot;px&quot;,&quot;size&quot;:10,&quot;sizes&quot;:[]},&quot;link_to&quot;:&quot;file&quot;,&quot;aspect_ratio&quot;:&quot;3:2&quot;,&quot;overlay_background&quot;:&quot;yes&quot;,&quot;content_hover_animation&quot;:&quot;fade-in&quot;}\" data-widget_type=\"gallery.default\">\n\t\t\t\t<div class=\"elementor-widget-container\">\n\t\t\t\t\t\t\t<div class=\"elementor-gallery__container\">\n\t\t\t\t\t\t\t<a class=\"e-gallery-item elementor-gallery-item elementor-animated-content\" href=\"https:\/\/abcxssefw.hlyhosted.at\/wp-content\/uploads\/2025\/03\/Raumplan-Helm_2-red.jpg\" data-elementor-open-lightbox=\"yes\" data-elementor-lightbox-slideshow=\"278c600\" data-e-action-hash=\"#elementor-action%3Aaction%3Dlightbox%26settings%3DeyJpZCI6MTAwLCJ1cmwiOiJodHRwczpcL1wvYWJjeHNzZWZ3LmhseWhvc3RlZC5hdFwvd3AtY29udGVudFwvdXBsb2Fkc1wvMjAyNVwvMDNcL1JhdW1wbGFuLUhlbG1fMi1yZWQuanBnIiwic2xpZGVzaG93IjoiMjc4YzYwMCJ9\">\n\t\t\t\t\t<div class=\"e-gallery-image elementor-gallery-item__image\" data-thumbnail=\"https:\/\/abcxssefw.hlyhosted.at\/wp-content\/uploads\/2025\/03\/Raumplan-Helm_2-red.jpg\" data-width=\"2345\" data-height=\"1638\" aria-label=\"\" role=\"img\" ><\/div>\n\t\t\t\t\t\t\t\t\t\t\t<div class=\"elementor-gallery-item__overlay\"><\/div>\n\t\t\t\t\t\t\t\t\t\t\t\t\t\t<\/a>\n\t\t\t\t\t\t\t<a class=\"e-gallery-item elementor-gallery-item elementor-animated-content\" href=\"https:\/\/abcxssefw.hlyhosted.at\/wp-content\/uploads\/2025\/03\/helm-kche_x_thumb.jpg\" data-elementor-open-lightbox=\"yes\" data-elementor-lightbox-slideshow=\"278c600\" data-e-action-hash=\"#elementor-action%3Aaction%3Dlightbox%26settings%3DeyJpZCI6MTA1LCJ1cmwiOiJodHRwczpcL1wvYWJjeHNzZWZ3LmhseWhvc3RlZC5hdFwvd3AtY29udGVudFwvdXBsb2Fkc1wvMjAyNVwvMDNcL2hlbG0ta2NoZV94X3RodW1iLmpwZyIsInNsaWRlc2hvdyI6IjI3OGM2MDAifQ%3D%3D\">\n\t\t\t\t\t<div class=\"e-gallery-image elementor-gallery-item__image\" data-thumbnail=\"https:\/\/abcxssefw.hlyhosted.at\/wp-content\/uploads\/2025\/03\/helm-kche_x_thumb.jpg\" data-width=\"800\" data-height=\"800\" aria-label=\"\" role=\"img\" ><\/div>\n\t\t\t\t\t\t\t\t\t\t\t<div class=\"elementor-gallery-item__overlay\"><\/div>\n\t\t\t\t\t\t\t\t\t\t\t\t\t\t<\/a>\n\t\t\t\t\t\t\t<a class=\"e-gallery-item elementor-gallery-item elementor-animated-content\" href=\"https:\/\/abcxssefw.hlyhosted.at\/wp-content\/uploads\/2025\/03\/helm-zimmer_x_thumb.jpg\" data-elementor-open-lightbox=\"yes\" data-elementor-lightbox-slideshow=\"278c600\" data-e-action-hash=\"#elementor-action%3Aaction%3Dlightbox%26settings%3DeyJpZCI6MTA0LCJ1cmwiOiJodHRwczpcL1wvYWJjeHNzZWZ3LmhseWhvc3RlZC5hdFwvd3AtY29udGVudFwvdXBsb2Fkc1wvMjAyNVwvMDNcL2hlbG0temltbWVyX3hfdGh1bWIuanBnIiwic2xpZGVzaG93IjoiMjc4YzYwMCJ9\">\n\t\t\t\t\t<div class=\"e-gallery-image elementor-gallery-item__image\" data-thumbnail=\"https:\/\/abcxssefw.hlyhosted.at\/wp-content\/uploads\/2025\/03\/helm-zimmer_x_thumb.jpg\" data-width=\"800\" data-height=\"800\" aria-label=\"\" role=\"img\" ><\/div>\n\t\t\t\t\t\t\t\t\t\t\t<div class=\"elementor-gallery-item__overlay\"><\/div>\n\t\t\t\t\t\t\t\t\t\t\t\t\t\t<\/a>\n\t\t\t\t\t\t\t<a class=\"e-gallery-item elementor-gallery-item elementor-animated-content\" href=\"https:\/\/abcxssefw.hlyhosted.at\/wp-content\/uploads\/2025\/03\/helm-bad_x_thumb.jpg\" data-elementor-open-lightbox=\"yes\" data-elementor-lightbox-slideshow=\"278c600\" data-e-action-hash=\"#elementor-action%3Aaction%3Dlightbox%26settings%3DeyJpZCI6MTA3LCJ1cmwiOiJodHRwczpcL1wvYWJjeHNzZWZ3LmhseWhvc3RlZC5hdFwvd3AtY29udGVudFwvdXBsb2Fkc1wvMjAyNVwvMDNcL2hlbG0tYmFkX3hfdGh1bWIuanBnIiwic2xpZGVzaG93IjoiMjc4YzYwMCJ9\">\n\t\t\t\t\t<div class=\"e-gallery-image elementor-gallery-item__image\" data-thumbnail=\"https:\/\/abcxssefw.hlyhosted.at\/wp-content\/uploads\/2025\/03\/helm-bad_x_thumb.jpg\" data-width=\"800\" data-height=\"800\" aria-label=\"\" role=\"img\" ><\/div>\n\t\t\t\t\t\t\t\t\t\t\t<div class=\"elementor-gallery-item__overlay\"><\/div>\n\t\t\t\t\t\t\t\t\t\t\t\t\t\t<\/a>\n\t\t\t\t\t\t\t<a class=\"e-gallery-item elementor-gallery-item elementor-animated-content\" href=\"https:\/\/abcxssefw.hlyhosted.at\/wp-content\/uploads\/2025\/03\/helm-garderobe_x_thumb.jpg\" data-elementor-open-lightbox=\"yes\" data-elementor-lightbox-slideshow=\"278c600\" data-e-action-hash=\"#elementor-action%3Aaction%3Dlightbox%26settings%3DeyJpZCI6MTA2LCJ1cmwiOiJodHRwczpcL1wvYWJjeHNzZWZ3LmhseWhvc3RlZC5hdFwvd3AtY29udGVudFwvdXBsb2Fkc1wvMjAyNVwvMDNcL2hlbG0tZ2FyZGVyb2JlX3hfdGh1bWIuanBnIiwic2xpZGVzaG93IjoiMjc4YzYwMCJ9\">\n\t\t\t\t\t<div class=\"e-gallery-image elementor-gallery-item__image\" data-thumbnail=\"https:\/\/abcxssefw.hlyhosted.at\/wp-content\/uploads\/2025\/03\/helm-garderobe_x_thumb.jpg\" data-width=\"800\" data-height=\"800\" aria-label=\"\" role=\"img\" ><\/div>\n\t\t\t\t\t\t\t\t\t\t\t<div class=\"elementor-gallery-item__overlay\"><\/div>\n\t\t\t\t\t\t\t\t\t\t\t\t\t\t<\/a>\n\t\t\t\t\t<\/div>\n\t\t\t\t\t<\/div>\n\t\t\t\t<\/div>\n\t\t\t\t<\/div>\n\t\t\t\t<\/div>\n\t\t","protected":false},"excerpt":{"rendered":"<p>Ferienwohnung &#8222;Helm&#8220; Das Appartement Helm (2-4 Personen) besteht aus einem gro\u00dfen Doppelzimmer, einem separaten Badezimmer und einer voll ausgestatteten K\u00fcche, wo es auch ein Sofa f\u00fcr 2 Personen gibt. Bettw\u00e4sche und Handt\u00fccher sind im Preis inbegriffen. Ca. 50 m\u00b2 K\u00fcche mit Backofen, Glaskeramikherd, Mikrowelle, Geschirrsp\u00fcler, K\u00fchlschrank, Balkon, WIFI, gro\u00dfe Couch f\u00fcr 2 Personen JETZT BUCHEN [&hellip;]<\/p>\n","protected":false},"author":1,"featured_media":0,"parent":0,"menu_order":0,"comment_status":"closed","ping_status":"closed","template":"elementor_header_footer","meta":{"footnotes":""},"class_list":["post-88","page","type-page","status-publish","hentry","entry"],"yoast_head":"<!-- This site is optimized with the Yoast SEO plugin v25.0 - https:\/\/yoast.com\/wordpress\/plugins\/seo\/ -->\n<title>Ferienwohnung Helm - Appartements Pichler<\/title>\n<meta name=\"description\" content=\"Unsere &quot;Ferienwohnung Helm&quot; besteht aus einem gro\u00dfen Doppelzimmer, einem separaten Badezimmer und einer voll ausgestatteten K\u00fcche.\" \/>\n<meta name=\"robots\" content=\"index, follow, max-snippet:-1, max-image-preview:large, max-video-preview:-1\" \/>\n<link rel=\"canonical\" href=\"https:\/\/abcxssefw.hlyhosted.at\/index.php\/ferienwohnung-helm-sillian\/\" \/>\n<meta property=\"og:locale\" content=\"de_DE\" \/>\n<meta property=\"og:type\" content=\"article\" \/>\n<meta property=\"og:title\" content=\"Ferienwohnung Helm - Appartements Pichler\" \/>\n<meta property=\"og:description\" content=\"Unsere &quot;Ferienwohnung Helm&quot; besteht aus einem gro\u00dfen Doppelzimmer, einem separaten Badezimmer und einer voll ausgestatteten K\u00fcche.\" \/>\n<meta property=\"og:url\" content=\"https:\/\/abcxssefw.hlyhosted.at\/index.php\/ferienwohnung-helm-sillian\/\" \/>\n<meta property=\"og:site_name\" content=\"Appartements Pichler\" \/>\n<meta property=\"article:modified_time\" content=\"2025-03-17T10:12:16+00:00\" \/>\n<meta property=\"og:image\" content=\"https:\/\/abcxssefw.hlyhosted.at\/wp-content\/uploads\/2025\/03\/helm-zimmer.jpg\" \/>\n\t<meta property=\"og:image:width\" content=\"1024\" \/>\n\t<meta property=\"og:image:height\" content=\"660\" \/>\n\t<meta property=\"og:image:type\" content=\"image\/jpeg\" \/>\n<meta name=\"twitter:card\" content=\"summary_large_image\" \/>\n<meta name=\"twitter:label1\" content=\"Gesch\u00e4tzte Lesezeit\" \/>\n\t<meta name=\"twitter:data1\" content=\"1\u00a0Minute\" \/>\n<script type=\"application\/ld+json\" class=\"yoast-schema-graph\">{\"@context\":\"https:\/\/schema.org\",\"@graph\":[{\"@type\":\"WebPage\",\"@id\":\"https:\/\/abcxssefw.hlyhosted.at\/index.php\/ferienwohnung-helm-sillian\/\",\"url\":\"https:\/\/abcxssefw.hlyhosted.at\/index.php\/ferienwohnung-helm-sillian\/\",\"name\":\"Ferienwohnung Helm - Appartements Pichler\",\"isPartOf\":{\"@id\":\"https:\/\/abcxssefw.hlyhosted.at\/#website\"},\"primaryImageOfPage\":{\"@id\":\"https:\/\/abcxssefw.hlyhosted.at\/index.php\/ferienwohnung-helm-sillian\/#primaryimage\"},\"image\":{\"@id\":\"https:\/\/abcxssefw.hlyhosted.at\/index.php\/ferienwohnung-helm-sillian\/#primaryimage\"},\"thumbnailUrl\":\"https:\/\/abcxssefw.hlyhosted.at\/wp-content\/uploads\/2025\/03\/helm-zimmer.jpg\",\"datePublished\":\"2025-03-17T08:41:59+00:00\",\"dateModified\":\"2025-03-17T10:12:16+00:00\",\"description\":\"Unsere \\\"Ferienwohnung Helm\\\" besteht aus einem gro\u00dfen Doppelzimmer, einem separaten Badezimmer und einer voll ausgestatteten K\u00fcche.\",\"breadcrumb\":{\"@id\":\"https:\/\/abcxssefw.hlyhosted.at\/index.php\/ferienwohnung-helm-sillian\/#breadcrumb\"},\"inLanguage\":\"de\",\"potentialAction\":[{\"@type\":\"ReadAction\",\"target\":[\"https:\/\/abcxssefw.hlyhosted.at\/index.php\/ferienwohnung-helm-sillian\/\"]}]},{\"@type\":\"ImageObject\",\"inLanguage\":\"de\",\"@id\":\"https:\/\/abcxssefw.hlyhosted.at\/index.php\/ferienwohnung-helm-sillian\/#primaryimage\",\"url\":\"https:\/\/abcxssefw.hlyhosted.at\/wp-content\/uploads\/2025\/03\/helm-zimmer.jpg\",\"contentUrl\":\"https:\/\/abcxssefw.hlyhosted.at\/wp-content\/uploads\/2025\/03\/helm-zimmer.jpg\",\"width\":1024,\"height\":660},{\"@type\":\"BreadcrumbList\",\"@id\":\"https:\/\/abcxssefw.hlyhosted.at\/index.php\/ferienwohnung-helm-sillian\/#breadcrumb\",\"itemListElement\":[{\"@type\":\"ListItem\",\"position\":1,\"name\":\"Startseite\",\"item\":\"https:\/\/abcxssefw.hlyhosted.at\/\"},{\"@type\":\"ListItem\",\"position\":2,\"name\":\"Ferienwohnung Helm\"}]},{\"@type\":\"WebSite\",\"@id\":\"https:\/\/abcxssefw.hlyhosted.at\/#website\",\"url\":\"https:\/\/abcxssefw.hlyhosted.at\/\",\"name\":\"Appartements Pichler\",\"description\":\"Ferienwohnungen Sillian\",\"publisher\":{\"@id\":\"https:\/\/abcxssefw.hlyhosted.at\/#organization\"},\"potentialAction\":[{\"@type\":\"SearchAction\",\"target\":{\"@type\":\"EntryPoint\",\"urlTemplate\":\"https:\/\/abcxssefw.hlyhosted.at\/?s={search_term_string}\"},\"query-input\":{\"@type\":\"PropertyValueSpecification\",\"valueRequired\":true,\"valueName\":\"search_term_string\"}}],\"inLanguage\":\"de\"},{\"@type\":\"Organization\",\"@id\":\"https:\/\/abcxssefw.hlyhosted.at\/#organization\",\"name\":\"Appartements Pichler\",\"url\":\"https:\/\/abcxssefw.hlyhosted.at\/\",\"logo\":{\"@type\":\"ImageObject\",\"inLanguage\":\"de\",\"@id\":\"https:\/\/abcxssefw.hlyhosted.at\/#\/schema\/logo\/image\/\",\"url\":\"https:\/\/abcxssefw.hlyhosted.at\/wp-content\/uploads\/2025\/03\/logo.png\",\"contentUrl\":\"https:\/\/abcxssefw.hlyhosted.at\/wp-content\/uploads\/2025\/03\/logo.png\",\"width\":4600,\"height\":2695,\"caption\":\"Appartements Pichler\"},\"image\":{\"@id\":\"https:\/\/abcxssefw.hlyhosted.at\/#\/schema\/logo\/image\/\"}}]}<\/script>\n<!-- \/ Yoast SEO plugin. -->","yoast_head_json":{"title":"Ferienwohnung Helm - Appartements Pichler","description":"Unsere \"Ferienwohnung Helm\" besteht aus einem gro\u00dfen Doppelzimmer, einem separaten Badezimmer und einer voll ausgestatteten K\u00fcche.","robots":{"index":"index","follow":"follow","max-snippet":"max-snippet:-1","max-image-preview":"max-image-preview:large","max-video-preview":"max-video-preview:-1"},"canonical":"https:\/\/abcxssefw.hlyhosted.at\/index.php\/ferienwohnung-helm-sillian\/","og_locale":"de_DE","og_type":"article","og_title":"Ferienwohnung Helm - Appartements Pichler","og_description":"Unsere \"Ferienwohnung Helm\" besteht aus einem gro\u00dfen Doppelzimmer, einem separaten Badezimmer und einer voll ausgestatteten K\u00fcche.","og_url":"https:\/\/abcxssefw.hlyhosted.at\/index.php\/ferienwohnung-helm-sillian\/","og_site_name":"Appartements Pichler","article_modified_time":"2025-03-17T10:12:16+00:00","og_image":[{"width":1024,"height":660,"url":"https:\/\/abcxssefw.hlyhosted.at\/wp-content\/uploads\/2025\/03\/helm-zimmer.jpg","type":"image\/jpeg"}],"twitter_card":"summary_large_image","twitter_misc":{"Gesch\u00e4tzte Lesezeit":"1\u00a0Minute"},"schema":{"@context":"https:\/\/schema.org","@graph":[{"@type":"WebPage","@id":"https:\/\/abcxssefw.hlyhosted.at\/index.php\/ferienwohnung-helm-sillian\/","url":"https:\/\/abcxssefw.hlyhosted.at\/index.php\/ferienwohnung-helm-sillian\/","name":"Ferienwohnung Helm - Appartements Pichler","isPartOf":{"@id":"https:\/\/abcxssefw.hlyhosted.at\/#website"},"primaryImageOfPage":{"@id":"https:\/\/abcxssefw.hlyhosted.at\/index.php\/ferienwohnung-helm-sillian\/#primaryimage"},"image":{"@id":"https:\/\/abcxssefw.hlyhosted.at\/index.php\/ferienwohnung-helm-sillian\/#primaryimage"},"thumbnailUrl":"https:\/\/abcxssefw.hlyhosted.at\/wp-content\/uploads\/2025\/03\/helm-zimmer.jpg","datePublished":"2025-03-17T08:41:59+00:00","dateModified":"2025-03-17T10:12:16+00:00","description":"Unsere \"Ferienwohnung Helm\" besteht aus einem gro\u00dfen Doppelzimmer, einem separaten Badezimmer und einer voll ausgestatteten K\u00fcche.","breadcrumb":{"@id":"https:\/\/abcxssefw.hlyhosted.at\/index.php\/ferienwohnung-helm-sillian\/#breadcrumb"},"inLanguage":"de","potentialAction":[{"@type":"ReadAction","target":["https:\/\/abcxssefw.hlyhosted.at\/index.php\/ferienwohnung-helm-sillian\/"]}]},{"@type":"ImageObject","inLanguage":"de","@id":"https:\/\/abcxssefw.hlyhosted.at\/index.php\/ferienwohnung-helm-sillian\/#primaryimage","url":"https:\/\/abcxssefw.hlyhosted.at\/wp-content\/uploads\/2025\/03\/helm-zimmer.jpg","contentUrl":"https:\/\/abcxssefw.hlyhosted.at\/wp-content\/uploads\/2025\/03\/helm-zimmer.jpg","width":1024,"height":660},{"@type":"BreadcrumbList","@id":"https:\/\/abcxssefw.hlyhosted.at\/index.php\/ferienwohnung-helm-sillian\/#breadcrumb","itemListElement":[{"@type":"ListItem","position":1,"name":"Startseite","item":"https:\/\/abcxssefw.hlyhosted.at\/"},{"@type":"ListItem","position":2,"name":"Ferienwohnung Helm"}]},{"@type":"WebSite","@id":"https:\/\/abcxssefw.hlyhosted.at\/#website","url":"https:\/\/abcxssefw.hlyhosted.at\/","name":"Appartements Pichler","description":"Ferienwohnungen Sillian","publisher":{"@id":"https:\/\/abcxssefw.hlyhosted.at\/#organization"},"potentialAction":[{"@type":"SearchAction","target":{"@type":"EntryPoint","urlTemplate":"https:\/\/abcxssefw.hlyhosted.at\/?s={search_term_string}"},"query-input":{"@type":"PropertyValueSpecification","valueRequired":true,"valueName":"search_term_string"}}],"inLanguage":"de"},{"@type":"Organization","@id":"https:\/\/abcxssefw.hlyhosted.at\/#organization","name":"Appartements Pichler","url":"https:\/\/abcxssefw.hlyhosted.at\/","logo":{"@type":"ImageObject","inLanguage":"de","@id":"https:\/\/abcxssefw.hlyhosted.at\/#\/schema\/logo\/image\/","url":"https:\/\/abcxssefw.hlyhosted.at\/wp-content\/uploads\/2025\/03\/logo.png","contentUrl":"https:\/\/abcxssefw.hlyhosted.at\/wp-content\/uploads\/2025\/03\/logo.png","width":4600,"height":2695,"caption":"Appartements Pichler"},"image":{"@id":"https:\/\/abcxssefw.hlyhosted.at\/#\/schema\/logo\/image\/"}}]}},"_links":{"self":[{"href":"https:\/\/abcxssefw.hlyhosted.at\/index.php\/wp-json\/wp\/v2\/pages\/88","targetHints":{"allow":["GET"]}}],"collection":[{"href":"https:\/\/abcxssefw.hlyhosted.at\/index.php\/wp-json\/wp\/v2\/pages"}],"about":[{"href":"https:\/\/abcxssefw.hlyhosted.at\/index.php\/wp-json\/wp\/v2\/types\/page"}],"author":[{"embeddable":true,"href":"https:\/\/abcxssefw.hlyhosted.at\/index.php\/wp-json\/wp\/v2\/users\/1"}],"replies":[{"embeddable":true,"href":"https:\/\/abcxssefw.hlyhosted.at\/index.php\/wp-json\/wp\/v2\/comments?post=88"}],"version-history":[{"count":19,"href":"https:\/\/abcxssefw.hlyhosted.at\/index.php\/wp-json\/wp\/v2\/pages\/88\/revisions"}],"predecessor-version":[{"id":285,"href":"https:\/\/abcxssefw.hlyhosted.at\/index.php\/wp-json\/wp\/v2\/pages\/88\/revisions\/285"}],"wp:attachment":[{"href":"https:\/\/abcxssefw.hlyhosted.at\/index.php\/wp-json\/wp\/v2\/media?parent=88"}],"curies":[{"name":"wp","href":"https:\/\/api.w.org\/{rel}","templated":true}]}}