{"id":367,"date":"2025-03-17T09:00:39","date_gmt":"2025-03-17T09:00:39","guid":{"rendered":"https:\/\/abcxssefw.hlyhosted.at\/index.php\/attivita-estive\/"},"modified":"2025-03-28T09:00:19","modified_gmt":"2025-03-28T09:00:19","slug":"attivita-estive","status":"publish","type":"page","link":"https:\/\/abcxssefw.hlyhosted.at\/it\/index.php\/attivita-estive\/","title":{"rendered":"Attivit\u00e0 estive"},"content":{"rendered":"\t\t<div data-elementor-type=\"wp-page\" data-elementor-id=\"367\" class=\"elementor elementor-367 elementor-138\" data-elementor-post-type=\"page\">\n\t\t\t\t<div class=\"elementor-element elementor-element-b9bd511 e-flex e-con-boxed e-con e-parent\" data-id=\"b9bd511\" data-element_type=\"container\">\n\t\t\t\t\t<div class=\"e-con-inner\">\n\t\t\t\t<div class=\"elementor-element elementor-element-b0a016a elementor-widget elementor-widget-heading\" data-id=\"b0a016a\" data-element_type=\"widget\" data-widget_type=\"heading.default\">\n\t\t\t\t<div class=\"elementor-widget-container\">\n\t\t\t\t\t<h1 class=\"elementor-heading-title elementor-size-default\">Attivit\u00e0 estive<\/h1>\t\t\t\t<\/div>\n\t\t\t\t<\/div>\n\t\t\t\t<div class=\"elementor-element elementor-element-45f45fd elementor-widget elementor-widget-text-editor\" data-id=\"45f45fd\" data-element_type=\"widget\" data-widget_type=\"text-editor.default\">\n\t\t\t\t<div class=\"elementor-widget-container\">\n\t\t\t\t\t\t\t\t\t<h2><strong>Escursioni nel Tirolo Orientale Sillian<br><\/strong><\/h2><p>Sillian si trova nella regione turistica dell&#8217;Alta Pusteria ed \u00e8 un punto di partenza centrale per escursioni di tutti i livelli di difficolt\u00e0 nelle <strong>aree escursionistiche<\/strong> circostanti <strong>di<\/strong> Thurntaler, Karnischer Kamm e delle Dolomiti altoatesine.<\/p>\t\t\t\t\t\t\t\t<\/div>\n\t\t\t\t<\/div>\n\t\t\t\t<div class=\"elementor-element elementor-element-0b7201f elementor-widget elementor-widget-video\" data-id=\"0b7201f\" data-element_type=\"widget\" data-settings=\"{&quot;youtube_url&quot;:&quot;https:\\\/\\\/youtu.be\\\/dewf_trtbLA&quot;,&quot;video_type&quot;:&quot;youtube&quot;,&quot;controls&quot;:&quot;yes&quot;}\" data-widget_type=\"video.default\">\n\t\t\t\t<div class=\"elementor-widget-container\">\n\t\t\t\t\t\t\t<div class=\"elementor-wrapper elementor-open-inline\">\n\t\t\t<div class=\"elementor-video\"><\/div>\t\t<\/div>\n\t\t\t\t\t\t<\/div>\n\t\t\t\t<\/div>\n\t\t\t\t<div class=\"elementor-element elementor-element-8d9d03b elementor-widget elementor-widget-text-editor\" data-id=\"8d9d03b\" data-element_type=\"widget\" data-widget_type=\"text-editor.default\">\n\t\t\t\t<div class=\"elementor-widget-container\">\n\t\t\t\t\t\t\t\t\t<p>La regione di Sillian\/Hochpustertal offre anche sentieri e percorsi unici per <strong>ciclisti e appassionati di mountain bike<\/strong>.<\/p>\t\t\t\t\t\t\t\t<\/div>\n\t\t\t\t<\/div>\n\t\t\t\t<div class=\"elementor-element elementor-element-81300f9 elementor-widget elementor-widget-video\" data-id=\"81300f9\" data-element_type=\"widget\" data-settings=\"{&quot;youtube_url&quot;:&quot;https:\\\/\\\/youtu.be\\\/PWYTJR7MLdU&quot;,&quot;video_type&quot;:&quot;youtube&quot;,&quot;controls&quot;:&quot;yes&quot;}\" data-widget_type=\"video.default\">\n\t\t\t\t<div class=\"elementor-widget-container\">\n\t\t\t\t\t\t\t<div class=\"elementor-wrapper elementor-open-inline\">\n\t\t\t<div class=\"elementor-video\"><\/div>\t\t<\/div>\n\t\t\t\t\t\t<\/div>\n\t\t\t\t<\/div>\n\t\t\t\t<div class=\"elementor-element elementor-element-be352dc elementor-widget elementor-widget-text-editor\" data-id=\"be352dc\" data-element_type=\"widget\" data-widget_type=\"text-editor.default\">\n\t\t\t\t<div class=\"elementor-widget-container\">\n\t\t\t\t\t\t\t\t\t<p>Per le <strong>famiglie con bambini<\/strong>, il <strong>Wichtelpark\/Hochseilgarten Sillian<\/strong>, il <strong>parco degli animali di Assling<\/strong> o la <strong>pista estiva per slittini di Lienz\/Hochstein<\/strong> e la <strong>pista estiva per slittini di Haunold<\/strong> nella vicina San <strong>Candido\/Innichen<\/strong>, cos\u00ec come la piscina <strong>Aquafun\/Innichen<\/strong>, sono destinazioni popolari per le escursioni.<\/p>\t\t\t\t\t\t\t\t<\/div>\n\t\t\t\t<\/div>\n\t\t\t\t<div class=\"elementor-element elementor-element-0de4b67 elementor-widget elementor-widget-video\" data-id=\"0de4b67\" data-element_type=\"widget\" data-settings=\"{&quot;youtube_url&quot;:&quot;https:\\\/\\\/youtu.be\\\/vlBdfGYxsO4&quot;,&quot;video_type&quot;:&quot;youtube&quot;,&quot;controls&quot;:&quot;yes&quot;}\" data-widget_type=\"video.default\">\n\t\t\t\t<div class=\"elementor-widget-container\">\n\t\t\t\t\t\t\t<div class=\"elementor-wrapper elementor-open-inline\">\n\t\t\t<div class=\"elementor-video\"><\/div>\t\t<\/div>\n\t\t\t\t\t\t<\/div>\n\t\t\t\t<\/div>\n\t\t\t\t\t<\/div>\n\t\t\t\t<\/div>\n\t\t\t\t<\/div>\n\t\t","protected":false},"excerpt":{"rendered":"<p>Attivit\u00e0 estive Escursioni nel Tirolo Orientale Sillian Sillian si trova nella regione turistica dell&#8217;Alta Pusteria ed \u00e8 un punto di partenza centrale per escursioni di tutti i livelli di difficolt\u00e0 nelle aree escursionistiche circostanti di Thurntaler, Karnischer Kamm e delle Dolomiti altoatesine. https:\/\/youtu.be\/dewf_trtbLA La regione di Sillian\/Hochpustertal offre anche sentieri e percorsi unici per ciclisti [&hellip;]<\/p>\n","protected":false},"author":1,"featured_media":0,"parent":0,"menu_order":0,"comment_status":"closed","ping_status":"closed","template":"elementor_header_footer","meta":{"footnotes":""},"class_list":["post-367","page","type-page","status-publish","hentry","entry"],"yoast_head":"<!-- This site is optimized with the Yoast SEO plugin v25.0 - https:\/\/yoast.com\/wordpress\/plugins\/seo\/ -->\n<title>Attivit\u00e0 estive - Appartements Pichler<\/title>\n<meta name=\"description\" content=\"Sperimenta tutte le attivit\u00e0 estive nei dintorni dei nostri appartamenti per vacanze a Sillian \/ Tirolo Orientale: escursioni, ciclismo o arrampicata.\" \/>\n<meta name=\"robots\" content=\"index, follow, max-snippet:-1, max-image-preview:large, max-video-preview:-1\" \/>\n<link rel=\"canonical\" href=\"https:\/\/abcxssefw.hlyhosted.at\/it\/index.php\/attivita-estive\/\" \/>\n<meta property=\"og:locale\" content=\"it_IT\" \/>\n<meta property=\"og:type\" content=\"article\" \/>\n<meta property=\"og:title\" content=\"Attivit\u00e0 estive - Appartements Pichler\" \/>\n<meta property=\"og:description\" content=\"Sperimenta tutte le attivit\u00e0 estive nei dintorni dei nostri appartamenti per vacanze a Sillian \/ Tirolo Orientale: escursioni, ciclismo o arrampicata.\" \/>\n<meta property=\"og:url\" content=\"https:\/\/abcxssefw.hlyhosted.at\/it\/index.php\/attivita-estive\/\" \/>\n<meta property=\"og:site_name\" content=\"Appartements Pichler\" \/>\n<meta property=\"article:modified_time\" content=\"2025-03-28T09:00:19+00:00\" \/>\n<meta name=\"twitter:card\" content=\"summary_large_image\" \/>\n<meta name=\"twitter:label1\" content=\"Tempo di lettura stimato\" \/>\n\t<meta name=\"twitter:data1\" content=\"1 minuto\" \/>\n<script type=\"application\/ld+json\" class=\"yoast-schema-graph\">{\"@context\":\"https:\/\/schema.org\",\"@graph\":[{\"@type\":\"WebPage\",\"@id\":\"https:\/\/abcxssefw.hlyhosted.at\/it\/index.php\/attivita-estive\/\",\"url\":\"https:\/\/abcxssefw.hlyhosted.at\/it\/index.php\/attivita-estive\/\",\"name\":\"Attivit\u00e0 estive - Appartements Pichler\",\"isPartOf\":{\"@id\":\"https:\/\/abcxssefw.hlyhosted.at\/it\/#website\"},\"datePublished\":\"2025-03-17T09:00:39+00:00\",\"dateModified\":\"2025-03-28T09:00:19+00:00\",\"description\":\"Sperimenta tutte le attivit\u00e0 estive nei dintorni dei nostri appartamenti per vacanze a Sillian \/ Tirolo Orientale: escursioni, ciclismo o arrampicata.\",\"breadcrumb\":{\"@id\":\"https:\/\/abcxssefw.hlyhosted.at\/it\/index.php\/attivita-estive\/#breadcrumb\"},\"inLanguage\":\"it-IT\",\"potentialAction\":[{\"@type\":\"ReadAction\",\"target\":[\"https:\/\/abcxssefw.hlyhosted.at\/it\/index.php\/attivita-estive\/\"]}]},{\"@type\":\"BreadcrumbList\",\"@id\":\"https:\/\/abcxssefw.hlyhosted.at\/it\/index.php\/attivita-estive\/#breadcrumb\",\"itemListElement\":[{\"@type\":\"ListItem\",\"position\":1,\"name\":\"Startseite\",\"item\":\"https:\/\/abcxssefw.hlyhosted.at\/it\/\"},{\"@type\":\"ListItem\",\"position\":2,\"name\":\"Attivit\u00e0 estive\"}]},{\"@type\":\"WebSite\",\"@id\":\"https:\/\/abcxssefw.hlyhosted.at\/it\/#website\",\"url\":\"https:\/\/abcxssefw.hlyhosted.at\/it\/\",\"name\":\"Appartements Pichler\",\"description\":\"Ferienwohnungen Sillian\",\"publisher\":{\"@id\":\"https:\/\/abcxssefw.hlyhosted.at\/it\/#organization\"},\"potentialAction\":[{\"@type\":\"SearchAction\",\"target\":{\"@type\":\"EntryPoint\",\"urlTemplate\":\"https:\/\/abcxssefw.hlyhosted.at\/it\/?s={search_term_string}\"},\"query-input\":{\"@type\":\"PropertyValueSpecification\",\"valueRequired\":true,\"valueName\":\"search_term_string\"}}],\"inLanguage\":\"it-IT\"},{\"@type\":\"Organization\",\"@id\":\"https:\/\/abcxssefw.hlyhosted.at\/it\/#organization\",\"name\":\"Appartements Pichler\",\"url\":\"https:\/\/abcxssefw.hlyhosted.at\/it\/\",\"logo\":{\"@type\":\"ImageObject\",\"inLanguage\":\"it-IT\",\"@id\":\"https:\/\/abcxssefw.hlyhosted.at\/it\/#\/schema\/logo\/image\/\",\"url\":\"https:\/\/abcxssefw.hlyhosted.at\/wp-content\/uploads\/2025\/03\/logo.png\",\"contentUrl\":\"https:\/\/abcxssefw.hlyhosted.at\/wp-content\/uploads\/2025\/03\/logo.png\",\"width\":4600,\"height\":2695,\"caption\":\"Appartements Pichler\"},\"image\":{\"@id\":\"https:\/\/abcxssefw.hlyhosted.at\/it\/#\/schema\/logo\/image\/\"}}]}<\/script>\n<!-- \/ Yoast SEO plugin. -->","yoast_head_json":{"title":"Attivit\u00e0 estive - Appartements Pichler","description":"Sperimenta tutte le attivit\u00e0 estive nei dintorni dei nostri appartamenti per vacanze a Sillian \/ Tirolo Orientale: escursioni, ciclismo o arrampicata.","robots":{"index":"index","follow":"follow","max-snippet":"max-snippet:-1","max-image-preview":"max-image-preview:large","max-video-preview":"max-video-preview:-1"},"canonical":"https:\/\/abcxssefw.hlyhosted.at\/it\/index.php\/attivita-estive\/","og_locale":"it_IT","og_type":"article","og_title":"Attivit\u00e0 estive - Appartements Pichler","og_description":"Sperimenta tutte le attivit\u00e0 estive nei dintorni dei nostri appartamenti per vacanze a Sillian \/ Tirolo Orientale: escursioni, ciclismo o arrampicata.","og_url":"https:\/\/abcxssefw.hlyhosted.at\/it\/index.php\/attivita-estive\/","og_site_name":"Appartements Pichler","article_modified_time":"2025-03-28T09:00:19+00:00","twitter_card":"summary_large_image","twitter_misc":{"Tempo di lettura stimato":"1 minuto"},"schema":{"@context":"https:\/\/schema.org","@graph":[{"@type":"WebPage","@id":"https:\/\/abcxssefw.hlyhosted.at\/it\/index.php\/attivita-estive\/","url":"https:\/\/abcxssefw.hlyhosted.at\/it\/index.php\/attivita-estive\/","name":"Attivit\u00e0 estive - Appartements Pichler","isPartOf":{"@id":"https:\/\/abcxssefw.hlyhosted.at\/it\/#website"},"datePublished":"2025-03-17T09:00:39+00:00","dateModified":"2025-03-28T09:00:19+00:00","description":"Sperimenta tutte le attivit\u00e0 estive nei dintorni dei nostri appartamenti per vacanze a Sillian \/ Tirolo Orientale: escursioni, ciclismo o arrampicata.","breadcrumb":{"@id":"https:\/\/abcxssefw.hlyhosted.at\/it\/index.php\/attivita-estive\/#breadcrumb"},"inLanguage":"it-IT","potentialAction":[{"@type":"ReadAction","target":["https:\/\/abcxssefw.hlyhosted.at\/it\/index.php\/attivita-estive\/"]}]},{"@type":"BreadcrumbList","@id":"https:\/\/abcxssefw.hlyhosted.at\/it\/index.php\/attivita-estive\/#breadcrumb","itemListElement":[{"@type":"ListItem","position":1,"name":"Startseite","item":"https:\/\/abcxssefw.hlyhosted.at\/it\/"},{"@type":"ListItem","position":2,"name":"Attivit\u00e0 estive"}]},{"@type":"WebSite","@id":"https:\/\/abcxssefw.hlyhosted.at\/it\/#website","url":"https:\/\/abcxssefw.hlyhosted.at\/it\/","name":"Appartements Pichler","description":"Ferienwohnungen Sillian","publisher":{"@id":"https:\/\/abcxssefw.hlyhosted.at\/it\/#organization"},"potentialAction":[{"@type":"SearchAction","target":{"@type":"EntryPoint","urlTemplate":"https:\/\/abcxssefw.hlyhosted.at\/it\/?s={search_term_string}"},"query-input":{"@type":"PropertyValueSpecification","valueRequired":true,"valueName":"search_term_string"}}],"inLanguage":"it-IT"},{"@type":"Organization","@id":"https:\/\/abcxssefw.hlyhosted.at\/it\/#organization","name":"Appartements Pichler","url":"https:\/\/abcxssefw.hlyhosted.at\/it\/","logo":{"@type":"ImageObject","inLanguage":"it-IT","@id":"https:\/\/abcxssefw.hlyhosted.at\/it\/#\/schema\/logo\/image\/","url":"https:\/\/abcxssefw.hlyhosted.at\/wp-content\/uploads\/2025\/03\/logo.png","contentUrl":"https:\/\/abcxssefw.hlyhosted.at\/wp-content\/uploads\/2025\/03\/logo.png","width":4600,"height":2695,"caption":"Appartements Pichler"},"image":{"@id":"https:\/\/abcxssefw.hlyhosted.at\/it\/#\/schema\/logo\/image\/"}}]}},"_links":{"self":[{"href":"https:\/\/abcxssefw.hlyhosted.at\/it\/index.php\/wp-json\/wp\/v2\/pages\/367","targetHints":{"allow":["GET"]}}],"collection":[{"href":"https:\/\/abcxssefw.hlyhosted.at\/it\/index.php\/wp-json\/wp\/v2\/pages"}],"about":[{"href":"https:\/\/abcxssefw.hlyhosted.at\/it\/index.php\/wp-json\/wp\/v2\/types\/page"}],"author":[{"embeddable":true,"href":"https:\/\/abcxssefw.hlyhosted.at\/it\/index.php\/wp-json\/wp\/v2\/users\/1"}],"replies":[{"embeddable":true,"href":"https:\/\/abcxssefw.hlyhosted.at\/it\/index.php\/wp-json\/wp\/v2\/comments?post=367"}],"version-history":[{"count":1,"href":"https:\/\/abcxssefw.hlyhosted.at\/it\/index.php\/wp-json\/wp\/v2\/pages\/367\/revisions"}],"predecessor-version":[{"id":581,"href":"https:\/\/abcxssefw.hlyhosted.at\/it\/index.php\/wp-json\/wp\/v2\/pages\/367\/revisions\/581"}],"wp:attachment":[{"href":"https:\/\/abcxssefw.hlyhosted.at\/it\/index.php\/wp-json\/wp\/v2\/media?parent=367"}],"curies":[{"name":"wp","href":"https:\/\/api.w.org\/{rel}","templated":true}]}}