{"id":433,"date":"2025-03-17T09:47:00","date_gmt":"2025-03-17T09:47:00","guid":{"rendered":"https:\/\/abcxssefw.hlyhosted.at\/index.php\/impronta\/"},"modified":"2025-03-28T09:00:24","modified_gmt":"2025-03-28T09:00:24","slug":"impronta","status":"publish","type":"page","link":"https:\/\/abcxssefw.hlyhosted.at\/it\/index.php\/impronta\/","title":{"rendered":"Impronta"},"content":{"rendered":"\t\t<div data-elementor-type=\"wp-page\" data-elementor-id=\"433\" class=\"elementor elementor-433 elementor-230\" data-elementor-post-type=\"page\">\n\t\t\t\t<div class=\"elementor-element elementor-element-0948f77 e-flex e-con-boxed e-con e-parent\" data-id=\"0948f77\" data-element_type=\"container\">\n\t\t\t\t\t<div class=\"e-con-inner\">\n\t\t\t\t<div class=\"elementor-element elementor-element-ef30b52 elementor-widget elementor-widget-heading\" data-id=\"ef30b52\" data-element_type=\"widget\" data-widget_type=\"heading.default\">\n\t\t\t\t<div class=\"elementor-widget-container\">\n\t\t\t\t\t<h2 class=\"elementor-heading-title elementor-size-default\">Impronta<\/h2>\t\t\t\t<\/div>\n\t\t\t\t<\/div>\n\t\t\t\t<div class=\"elementor-element elementor-element-9cbc7a5 elementor-widget elementor-widget-text-editor\" data-id=\"9cbc7a5\" data-element_type=\"widget\" data-widget_type=\"text-editor.default\">\n\t\t\t\t<div class=\"elementor-widget-container\">\n\t\t\t\t\t\t\t\t\t<section id=\"section-id-1582373699924\" class=\"sppb-section\"><div class=\"sppb-row-container\"><div class=\"sppb-row\"><div id=\"column-wrap-id-1582373699922\" class=\"sppb-col-md-6\"><div id=\"column-id-1582373699922\" class=\"sppb-column\"><div class=\"sppb-column-addons\"><div id=\"sppb-addon-wrapper-1582373835475\" class=\"sppb-addon-wrapper \"><div id=\"sppb-addon-1582373835475\" class=\"clearfix \"><div class=\"sppb-addon sppb-addon-text-block \"><h3 class=\"sppb-addon-title\">Responsabile dei contenuti<\/h3><div class=\"sppb-addon-content\">Gertrud Calovi-Pichler<br>Am Gerberbach 201 j<br>A-9920 Sillian<br>T: <a href=\"tel:0043484251182\">+43 4842 511 82<\/a><br>E: <a href=\"mailto:info@appartements-pichler.at\">info@appartements-pichler.at<\/a><\/div><\/div><\/div><\/div><\/div><\/div><\/div><div id=\"column-wrap-id-1582373699923\" class=\"sppb-col-md-6\"><div id=\"column-id-1582373699923\" class=\"sppb-column\"><div class=\"sppb-column-addons\"><div id=\"sppb-addon-wrapper-1582373835472\" class=\"sppb-addon-wrapper \"><div id=\"sppb-addon-1582373835472\" class=\"clearfix \"><div class=\"sppb-addon sppb-addon-text-block \"><h3 class=\"sppb-addon-title\">Concetto, layout, programmazione<\/h3><div class=\"sppb-addon-content\"><p>Alphamedia Tirol GmbH<br>Aue 185 b<br>A-9920 Sillian<br><a href=\"http:\/\/www.alphamedia.tirol\">www.alphamedia.tirol<\/a><\/p><p><a href=\"http:\/\/www.alphamedia.co.at\/\" target=\"_blank\" rel=\"noopener noreferrer\"><img decoding=\"async\" src=\"https:\/\/www.transporte-mair.com\/images\/Logo.png\" alt=\"\" width=\"238\" height=\"57\"><\/a><\/p><\/div><\/div><\/div><\/div><\/div><\/div><\/div><\/div><\/div><\/section><section id=\"section-id-1582297883552\" class=\"sppb-section\"><div class=\"sppb-row-container\"><div class=\"sppb-row\"><div id=\"column-wrap-id-1582297883551\" class=\"sppb-col-md-12\"><div id=\"column-id-1582297883551\" class=\"sppb-column\"><div class=\"sppb-column-addons\"><div id=\"sppb-addon-wrapper-1582297883555\" class=\"sppb-addon-wrapper \"><div id=\"sppb-addon-1582297883555\" class=\"clearfix \"><div class=\"sppb-addon sppb-addon-text-block \"><h1 class=\"sppb-addon-title\">Esclusione di responsabilit\u00e0<\/h1><div class=\"sppb-addon-content\"><strong>Responsabilit\u00e0 per i contenuti<\/strong><p>I contenuti delle nostre pagine sono stati creati con la massima cura. Tuttavia, non possiamo assumerci alcuna responsabilit\u00e0 per l&#8217;accuratezza, la completezza e l&#8217;attualit\u00e0 dei contenuti. In qualit\u00e0 di fornitore di servizi, siamo responsabili dei nostri contenuti su queste pagine ai sensi del \u00a7 7 comma 1 TMG (legge tedesca sui media telematici) e delle leggi generali. Ai sensi dei \u00a7\u00a7 8-10 TMG, tuttavia, in qualit\u00e0 di fornitore di servizi non siamo obbligati a monitorare le informazioni trasmesse o memorizzate da terzi o a indagare su circostanze che indicano un&#8217;attivit\u00e0 illegale. Gli obblighi di rimuovere o bloccare l&#8217;uso delle informazioni in conformit\u00e0 alla legislazione generale rimangono inalterati. Tuttavia, la responsabilit\u00e0 in questo senso \u00e8 possibile solo dal momento in cui si viene a conoscenza di una specifica violazione. Non appena verremo a conoscenza di tali violazioni, rimuoveremo immediatamente i contenuti.       <\/p><p> <\/p><p><strong>Responsabilit\u00e0 per i link<\/strong><\/p><p>Il nostro sito web contiene link a siti web esterni di terzi sui cui contenuti non abbiamo alcuna influenza. Pertanto, non possiamo assumerci alcuna responsabilit\u00e0 per questi contenuti di terzi. Il rispettivo fornitore o gestore delle pagine \u00e8 sempre responsabile del contenuto delle pagine collegate. Le pagine collegate sono state controllate per verificare la presenza di eventuali violazioni legali al momento del collegamento. I contenuti illegali non sono stati individuati al momento del collegamento. Tuttavia, il monitoraggio permanente del contenuto delle pagine collegate non \u00e8 ragionevole in assenza di prove concrete di una violazione. Se dovessimo venire a conoscenza di eventuali violazioni legali, rimuoveremo immediatamente tali link.      <\/p><p> <\/p><p><strong>Copyright<\/strong><\/p><p>I contenuti e le opere create dagli operatori del sito in queste pagine sono soggetti alla legge tedesca sul copyright. La duplicazione, l&#8217;elaborazione, la distribuzione e qualsiasi tipo di utilizzo al di fuori dei limiti della legge sul copyright richiedono il consenso scritto del rispettivo autore o creatore. I download e le copie di questo sito sono consentiti solo per uso privato e non commerciale. Nella misura in cui i contenuti di questo sito non sono stati creati dall&#8217;operatore, vengono rispettati i diritti d&#8217;autore di terzi. In particolare, i contenuti di terzi sono contrassegnati come tali. Se tuttavia dovessi venire a conoscenza di una violazione del copyright, ti preghiamo di informarci di conseguenza. Qualora venissimo a conoscenza di violazioni, provvederemo a rimuovere immediatamente tali contenuti.      <\/p><p> <\/p><p><strong>Protezione dei dati<\/strong><\/p><p>L&#8217;utilizzo del nostro sito web \u00e8 generalmente possibile senza fornire dati personali. Se sul nostro sito web vengono raccolti dati personali (ad esempio nome, indirizzo o indirizzo e-mail), ci\u00f2 avviene sempre, per quanto possibile, su base volontaria. Tali dati non saranno trasmessi a terzi senza il tuo esplicito consenso.    <br>Desideriamo sottolineare che la trasmissione di dati su Internet (ad esempio quando si comunica via e-mail) pu\u00f2 presentare lacune nella sicurezza. Non \u00e8 possibile proteggere completamente i dati dall&#8217;accesso di terzi.   <br>Con la presente si vieta espressamente l&#8217;utilizzo dei dati di contatto pubblicati nell&#8217;ambito dell&#8217;obbligo di imprinting da parte di terzi per l&#8217;invio di materiale pubblicitario e informativo non richiesto. Gli operatori di questo sito web si riservano espressamente il diritto di intraprendere azioni legali in caso di invio non richiesto di informazioni pubblicitarie, come ad esempio e-mail di spam. <\/p><\/div><\/div><\/div><\/div><\/div><\/div><\/div><\/div><\/div><\/section>\t\t\t\t\t\t\t\t<\/div>\n\t\t\t\t<\/div>\n\t\t\t\t\t<\/div>\n\t\t\t\t<\/div>\n\t\t\t\t<\/div>\n\t\t","protected":false},"excerpt":{"rendered":"<p>Impronta Responsabile dei contenuti Gertrud Calovi-PichlerAm Gerberbach 201 jA-9920 SillianT: +43 4842 511 82E: info@appartements-pichler.at Concetto, layout, programmazione Alphamedia Tirol GmbHAue 185 bA-9920 Sillianwww.alphamedia.tirol Esclusione di responsabilit\u00e0 Responsabilit\u00e0 per i contenuti I contenuti delle nostre pagine sono stati creati con la massima cura. Tuttavia, non possiamo assumerci alcuna responsabilit\u00e0 per l&#8217;accuratezza, la completezza e l&#8217;attualit\u00e0 [&hellip;]<\/p>\n","protected":false},"author":1,"featured_media":0,"parent":0,"menu_order":0,"comment_status":"closed","ping_status":"closed","template":"elementor_header_footer","meta":{"footnotes":""},"class_list":["post-433","page","type-page","status-publish","hentry","entry"],"yoast_head":"<!-- This site is optimized with the Yoast SEO plugin v25.0 - https:\/\/yoast.com\/wordpress\/plugins\/seo\/ -->\n<title>Impronta - Appartements Pichler<\/title>\n<meta name=\"robots\" content=\"noindex, nofollow\" \/>\n<meta property=\"og:locale\" content=\"it_IT\" \/>\n<meta property=\"og:type\" content=\"article\" \/>\n<meta property=\"og:title\" content=\"Impronta - Appartements Pichler\" \/>\n<meta property=\"og:description\" content=\"Impronta Responsabile dei contenuti Gertrud Calovi-PichlerAm Gerberbach 201 jA-9920 SillianT: +43 4842 511 82E: info@appartements-pichler.at Concetto, layout, programmazione Alphamedia Tirol GmbHAue 185 bA-9920 Sillianwww.alphamedia.tirol Esclusione di responsabilit\u00e0 Responsabilit\u00e0 per i contenuti I contenuti delle nostre pagine sono stati creati con la massima cura. Tuttavia, non possiamo assumerci alcuna responsabilit\u00e0 per l&#8217;accuratezza, la completezza e l&#8217;attualit\u00e0 [&hellip;]\" \/>\n<meta property=\"og:url\" content=\"https:\/\/abcxssefw.hlyhosted.at\/it\/index.php\/impronta\/\" \/>\n<meta property=\"og:site_name\" content=\"Appartements Pichler\" \/>\n<meta property=\"article:modified_time\" content=\"2025-03-28T09:00:24+00:00\" \/>\n<meta property=\"og:image\" content=\"https:\/\/www.transporte-mair.com\/images\/Logo.png\" \/>\n<meta name=\"twitter:card\" content=\"summary_large_image\" \/>\n<meta name=\"twitter:label1\" content=\"Tempo di lettura stimato\" \/>\n\t<meta name=\"twitter:data1\" content=\"3 minuti\" \/>\n<script type=\"application\/ld+json\" class=\"yoast-schema-graph\">{\"@context\":\"https:\/\/schema.org\",\"@graph\":[{\"@type\":\"WebPage\",\"@id\":\"https:\/\/abcxssefw.hlyhosted.at\/it\/index.php\/impronta\/\",\"url\":\"https:\/\/abcxssefw.hlyhosted.at\/it\/index.php\/impronta\/\",\"name\":\"Impronta - Appartements Pichler\",\"isPartOf\":{\"@id\":\"https:\/\/abcxssefw.hlyhosted.at\/it\/#website\"},\"primaryImageOfPage\":{\"@id\":\"https:\/\/abcxssefw.hlyhosted.at\/it\/index.php\/impronta\/#primaryimage\"},\"image\":{\"@id\":\"https:\/\/abcxssefw.hlyhosted.at\/it\/index.php\/impronta\/#primaryimage\"},\"thumbnailUrl\":\"https:\/\/www.transporte-mair.com\/images\/Logo.png\",\"datePublished\":\"2025-03-17T09:47:00+00:00\",\"dateModified\":\"2025-03-28T09:00:24+00:00\",\"breadcrumb\":{\"@id\":\"https:\/\/abcxssefw.hlyhosted.at\/it\/index.php\/impronta\/#breadcrumb\"},\"inLanguage\":\"it-IT\",\"potentialAction\":[{\"@type\":\"ReadAction\",\"target\":[\"https:\/\/abcxssefw.hlyhosted.at\/it\/index.php\/impronta\/\"]}]},{\"@type\":\"ImageObject\",\"inLanguage\":\"it-IT\",\"@id\":\"https:\/\/abcxssefw.hlyhosted.at\/it\/index.php\/impronta\/#primaryimage\",\"url\":\"https:\/\/www.transporte-mair.com\/images\/Logo.png\",\"contentUrl\":\"https:\/\/www.transporte-mair.com\/images\/Logo.png\"},{\"@type\":\"BreadcrumbList\",\"@id\":\"https:\/\/abcxssefw.hlyhosted.at\/it\/index.php\/impronta\/#breadcrumb\",\"itemListElement\":[{\"@type\":\"ListItem\",\"position\":1,\"name\":\"Startseite\",\"item\":\"https:\/\/abcxssefw.hlyhosted.at\/it\/\"},{\"@type\":\"ListItem\",\"position\":2,\"name\":\"Impronta\"}]},{\"@type\":\"WebSite\",\"@id\":\"https:\/\/abcxssefw.hlyhosted.at\/it\/#website\",\"url\":\"https:\/\/abcxssefw.hlyhosted.at\/it\/\",\"name\":\"Appartements Pichler\",\"description\":\"Ferienwohnungen Sillian\",\"publisher\":{\"@id\":\"https:\/\/abcxssefw.hlyhosted.at\/it\/#organization\"},\"potentialAction\":[{\"@type\":\"SearchAction\",\"target\":{\"@type\":\"EntryPoint\",\"urlTemplate\":\"https:\/\/abcxssefw.hlyhosted.at\/it\/?s={search_term_string}\"},\"query-input\":{\"@type\":\"PropertyValueSpecification\",\"valueRequired\":true,\"valueName\":\"search_term_string\"}}],\"inLanguage\":\"it-IT\"},{\"@type\":\"Organization\",\"@id\":\"https:\/\/abcxssefw.hlyhosted.at\/it\/#organization\",\"name\":\"Appartements Pichler\",\"url\":\"https:\/\/abcxssefw.hlyhosted.at\/it\/\",\"logo\":{\"@type\":\"ImageObject\",\"inLanguage\":\"it-IT\",\"@id\":\"https:\/\/abcxssefw.hlyhosted.at\/it\/#\/schema\/logo\/image\/\",\"url\":\"https:\/\/abcxssefw.hlyhosted.at\/wp-content\/uploads\/2025\/03\/logo.png\",\"contentUrl\":\"https:\/\/abcxssefw.hlyhosted.at\/wp-content\/uploads\/2025\/03\/logo.png\",\"width\":4600,\"height\":2695,\"caption\":\"Appartements Pichler\"},\"image\":{\"@id\":\"https:\/\/abcxssefw.hlyhosted.at\/it\/#\/schema\/logo\/image\/\"}}]}<\/script>\n<!-- \/ Yoast SEO plugin. -->","yoast_head_json":{"title":"Impronta - Appartements Pichler","robots":{"index":"noindex","follow":"nofollow"},"og_locale":"it_IT","og_type":"article","og_title":"Impronta - Appartements Pichler","og_description":"Impronta Responsabile dei contenuti Gertrud Calovi-PichlerAm Gerberbach 201 jA-9920 SillianT: +43 4842 511 82E: info@appartements-pichler.at Concetto, layout, programmazione Alphamedia Tirol GmbHAue 185 bA-9920 Sillianwww.alphamedia.tirol Esclusione di responsabilit\u00e0 Responsabilit\u00e0 per i contenuti I contenuti delle nostre pagine sono stati creati con la massima cura. Tuttavia, non possiamo assumerci alcuna responsabilit\u00e0 per l&#8217;accuratezza, la completezza e l&#8217;attualit\u00e0 [&hellip;]","og_url":"https:\/\/abcxssefw.hlyhosted.at\/it\/index.php\/impronta\/","og_site_name":"Appartements Pichler","article_modified_time":"2025-03-28T09:00:24+00:00","og_image":[{"url":"https:\/\/www.transporte-mair.com\/images\/Logo.png","type":"","width":"","height":""}],"twitter_card":"summary_large_image","twitter_misc":{"Tempo di lettura stimato":"3 minuti"},"schema":{"@context":"https:\/\/schema.org","@graph":[{"@type":"WebPage","@id":"https:\/\/abcxssefw.hlyhosted.at\/it\/index.php\/impronta\/","url":"https:\/\/abcxssefw.hlyhosted.at\/it\/index.php\/impronta\/","name":"Impronta - Appartements Pichler","isPartOf":{"@id":"https:\/\/abcxssefw.hlyhosted.at\/it\/#website"},"primaryImageOfPage":{"@id":"https:\/\/abcxssefw.hlyhosted.at\/it\/index.php\/impronta\/#primaryimage"},"image":{"@id":"https:\/\/abcxssefw.hlyhosted.at\/it\/index.php\/impronta\/#primaryimage"},"thumbnailUrl":"https:\/\/www.transporte-mair.com\/images\/Logo.png","datePublished":"2025-03-17T09:47:00+00:00","dateModified":"2025-03-28T09:00:24+00:00","breadcrumb":{"@id":"https:\/\/abcxssefw.hlyhosted.at\/it\/index.php\/impronta\/#breadcrumb"},"inLanguage":"it-IT","potentialAction":[{"@type":"ReadAction","target":["https:\/\/abcxssefw.hlyhosted.at\/it\/index.php\/impronta\/"]}]},{"@type":"ImageObject","inLanguage":"it-IT","@id":"https:\/\/abcxssefw.hlyhosted.at\/it\/index.php\/impronta\/#primaryimage","url":"https:\/\/www.transporte-mair.com\/images\/Logo.png","contentUrl":"https:\/\/www.transporte-mair.com\/images\/Logo.png"},{"@type":"BreadcrumbList","@id":"https:\/\/abcxssefw.hlyhosted.at\/it\/index.php\/impronta\/#breadcrumb","itemListElement":[{"@type":"ListItem","position":1,"name":"Startseite","item":"https:\/\/abcxssefw.hlyhosted.at\/it\/"},{"@type":"ListItem","position":2,"name":"Impronta"}]},{"@type":"WebSite","@id":"https:\/\/abcxssefw.hlyhosted.at\/it\/#website","url":"https:\/\/abcxssefw.hlyhosted.at\/it\/","name":"Appartements Pichler","description":"Ferienwohnungen Sillian","publisher":{"@id":"https:\/\/abcxssefw.hlyhosted.at\/it\/#organization"},"potentialAction":[{"@type":"SearchAction","target":{"@type":"EntryPoint","urlTemplate":"https:\/\/abcxssefw.hlyhosted.at\/it\/?s={search_term_string}"},"query-input":{"@type":"PropertyValueSpecification","valueRequired":true,"valueName":"search_term_string"}}],"inLanguage":"it-IT"},{"@type":"Organization","@id":"https:\/\/abcxssefw.hlyhosted.at\/it\/#organization","name":"Appartements Pichler","url":"https:\/\/abcxssefw.hlyhosted.at\/it\/","logo":{"@type":"ImageObject","inLanguage":"it-IT","@id":"https:\/\/abcxssefw.hlyhosted.at\/it\/#\/schema\/logo\/image\/","url":"https:\/\/abcxssefw.hlyhosted.at\/wp-content\/uploads\/2025\/03\/logo.png","contentUrl":"https:\/\/abcxssefw.hlyhosted.at\/wp-content\/uploads\/2025\/03\/logo.png","width":4600,"height":2695,"caption":"Appartements Pichler"},"image":{"@id":"https:\/\/abcxssefw.hlyhosted.at\/it\/#\/schema\/logo\/image\/"}}]}},"_links":{"self":[{"href":"https:\/\/abcxssefw.hlyhosted.at\/it\/index.php\/wp-json\/wp\/v2\/pages\/433","targetHints":{"allow":["GET"]}}],"collection":[{"href":"https:\/\/abcxssefw.hlyhosted.at\/it\/index.php\/wp-json\/wp\/v2\/pages"}],"about":[{"href":"https:\/\/abcxssefw.hlyhosted.at\/it\/index.php\/wp-json\/wp\/v2\/types\/page"}],"author":[{"embeddable":true,"href":"https:\/\/abcxssefw.hlyhosted.at\/it\/index.php\/wp-json\/wp\/v2\/users\/1"}],"replies":[{"embeddable":true,"href":"https:\/\/abcxssefw.hlyhosted.at\/it\/index.php\/wp-json\/wp\/v2\/comments?post=433"}],"version-history":[{"count":2,"href":"https:\/\/abcxssefw.hlyhosted.at\/it\/index.php\/wp-json\/wp\/v2\/pages\/433\/revisions"}],"predecessor-version":[{"id":590,"href":"https:\/\/abcxssefw.hlyhosted.at\/it\/index.php\/wp-json\/wp\/v2\/pages\/433\/revisions\/590"}],"wp:attachment":[{"href":"https:\/\/abcxssefw.hlyhosted.at\/it\/index.php\/wp-json\/wp\/v2\/media?parent=433"}],"curies":[{"name":"wp","href":"https:\/\/api.w.org\/{rel}","templated":true}]}}