{"id":438,"date":"2025-03-17T09:48:15","date_gmt":"2025-03-17T09:48:15","guid":{"rendered":"https:\/\/abcxssefw.hlyhosted.at\/index.php\/informativa-sulla-privacy\/"},"modified":"2025-03-28T09:00:24","modified_gmt":"2025-03-28T09:00:24","slug":"informativa-sulla-privacy","status":"publish","type":"page","link":"https:\/\/abcxssefw.hlyhosted.at\/it\/index.php\/informativa-sulla-privacy\/","title":{"rendered":"Informativa sulla privacy"},"content":{"rendered":"\t\t<div data-elementor-type=\"wp-page\" data-elementor-id=\"438\" class=\"elementor elementor-438 elementor-235\" data-elementor-post-type=\"page\">\n\t\t\t\t<div class=\"elementor-element elementor-element-0948f77 e-flex e-con-boxed e-con e-parent\" data-id=\"0948f77\" data-element_type=\"container\">\n\t\t\t\t\t<div class=\"e-con-inner\">\n\t\t\t\t<div class=\"elementor-element elementor-element-ef30b52 elementor-widget elementor-widget-heading\" data-id=\"ef30b52\" data-element_type=\"widget\" data-widget_type=\"heading.default\">\n\t\t\t\t<div class=\"elementor-widget-container\">\n\t\t\t\t\t<h2 class=\"elementor-heading-title elementor-size-default\">Informativa sulla privacy<\/h2>\t\t\t\t<\/div>\n\t\t\t\t<\/div>\n\t\t\t\t<div class=\"elementor-element elementor-element-9cbc7a5 elementor-widget elementor-widget-text-editor\" data-id=\"9cbc7a5\" data-element_type=\"widget\" data-widget_type=\"text-editor.default\">\n\t\t\t\t<div class=\"elementor-widget-container\">\n\t\t\t\t\t\t\t\t\t<p>La protezione dei tuoi dati personali ci sta particolarmente a cuore. Per questo motivo trattiamo i tuoi dati esclusivamente sulla base delle disposizioni di legge (GDPR, TKG 2003). In questa informativa sulla protezione dei dati, ti informiamo sugli aspetti pi\u00f9 importanti del trattamento dei dati sul nostro sito web.  <\/p><p><strong>Contattaci<\/strong><\/p><p>Se ci contatti utilizzando il modulo sul sito web o via e-mail, i dati che ci fornisci saranno conservati da noi per sei mesi allo scopo di elaborare la richiesta e in caso di domande successive. Non trasmetteremo questi dati senza il tuo consenso. <\/p><p><strong>I tuoi diritti<\/strong><\/p><p>In linea di principio, hai i diritti di informazione, correzione, cancellazione, restrizione, portabilit\u00e0 dei dati, cancellazione e opposizione. Se ritieni che il trattamento dei tuoi dati violi la legge sulla protezione dei dati o che i tuoi diritti di protezione dei dati siano stati violati in qualsiasi altro modo, puoi presentare un reclamo all&#8217;autorit\u00e0 di vigilanza. In Austria, questa \u00e8 l&#8217;autorit\u00e0 per la protezione dei dati.  <\/p><p><strong>Biscotti<\/strong><\/p><p>Utilizziamo lo strumento di consenso &#8220;Real Cookie Banner&#8221; per gestire i cookie e le tecnologie simili utilizzate (pixel di tracciamento, web beacon, ecc.) e i relativi consensi. I dettagli sul funzionamento di &#8220;Real Cookie Banner&#8221; sono disponibili all&#8217;indirizzo &lt;a href=&#8221;https:\/\/devowl.io\/de\/rcb\/datenverarbeitung\/&#8221; rel=&#8221;noreferrer&#8221; target=&#8221;_blank&#8221;&gt;https:\/\/devowl.io\/de\/rcb\/datenverarbeitung\/&lt;\/a&gt;. <\/p><p>La base giuridica per il trattamento dei dati personali in questo contesto \u00e8 l&#8217;art. 6 par. 1 lit. c GDPR e l&#8217;art. 6 par. 1 lit. f GDPR. Il nostro legittimo interesse \u00e8 la gestione dei cookie e delle tecnologie simili utilizzate e i relativi consensi.     <\/p><p>Il conferimento dei dati personali non \u00e8 richiesto contrattualmente n\u00e9 necessario per la conclusione di un contratto. Non sei obbligato a fornire i dati personali. Se non fornisci i dati personali, non saremo in grado di gestire i tuoi consensi.  <\/p><p><strong>Puoi contattarci ai seguenti recapiti<br><\/strong><br> Gertrud Calovi-Pichler<br>Am Gerberbach 201 j<br>A-9920 Sillian<br>T: <a href=\"tel:0043484251182\">+43 4842 511 82<\/a><br>E: <a href=\"mailto:info@appartements-pichler.at\">info@appartements-pichler.at<\/a><\/p>\t\t\t\t\t\t\t\t<\/div>\n\t\t\t\t<\/div>\n\t\t\t\t\t<\/div>\n\t\t\t\t<\/div>\n\t\t\t\t<\/div>\n\t\t","protected":false},"excerpt":{"rendered":"<p>Informativa sulla privacy La protezione dei tuoi dati personali ci sta particolarmente a cuore. Per questo motivo trattiamo i tuoi dati esclusivamente sulla base delle disposizioni di legge (GDPR, TKG 2003). In questa informativa sulla protezione dei dati, ti informiamo sugli aspetti pi\u00f9 importanti del trattamento dei dati sul nostro sito web. Contattaci Se ci [&hellip;]<\/p>\n","protected":false},"author":1,"featured_media":0,"parent":0,"menu_order":0,"comment_status":"closed","ping_status":"closed","template":"elementor_header_footer","meta":{"footnotes":""},"class_list":["post-438","page","type-page","status-publish","hentry","entry"],"yoast_head":"<!-- This site is optimized with the Yoast SEO plugin v25.0 - https:\/\/yoast.com\/wordpress\/plugins\/seo\/ -->\n<title>Informativa sulla privacy - Appartements Pichler<\/title>\n<meta name=\"robots\" content=\"index, follow, max-snippet:-1, max-image-preview:large, max-video-preview:-1\" \/>\n<link rel=\"canonical\" href=\"https:\/\/abcxssefw.hlyhosted.at\/it\/index.php\/informativa-sulla-privacy\/\" \/>\n<meta property=\"og:locale\" content=\"it_IT\" \/>\n<meta property=\"og:type\" content=\"article\" \/>\n<meta property=\"og:title\" content=\"Informativa sulla privacy - Appartements Pichler\" \/>\n<meta property=\"og:description\" content=\"Informativa sulla privacy La protezione dei tuoi dati personali ci sta particolarmente a cuore. Per questo motivo trattiamo i tuoi dati esclusivamente sulla base delle disposizioni di legge (GDPR, TKG 2003). In questa informativa sulla protezione dei dati, ti informiamo sugli aspetti pi\u00f9 importanti del trattamento dei dati sul nostro sito web. Contattaci Se ci [&hellip;]\" \/>\n<meta property=\"og:url\" content=\"https:\/\/abcxssefw.hlyhosted.at\/it\/index.php\/informativa-sulla-privacy\/\" \/>\n<meta property=\"og:site_name\" content=\"Appartements Pichler\" \/>\n<meta property=\"article:modified_time\" content=\"2025-03-28T09:00:24+00:00\" \/>\n<meta name=\"twitter:card\" content=\"summary_large_image\" \/>\n<meta name=\"twitter:label1\" content=\"Tempo di lettura stimato\" \/>\n\t<meta name=\"twitter:data1\" content=\"2 minuti\" \/>\n<script type=\"application\/ld+json\" class=\"yoast-schema-graph\">{\"@context\":\"https:\/\/schema.org\",\"@graph\":[{\"@type\":\"WebPage\",\"@id\":\"https:\/\/abcxssefw.hlyhosted.at\/it\/index.php\/informativa-sulla-privacy\/\",\"url\":\"https:\/\/abcxssefw.hlyhosted.at\/it\/index.php\/informativa-sulla-privacy\/\",\"name\":\"Informativa sulla privacy - Appartements Pichler\",\"isPartOf\":{\"@id\":\"https:\/\/abcxssefw.hlyhosted.at\/it\/#website\"},\"datePublished\":\"2025-03-17T09:48:15+00:00\",\"dateModified\":\"2025-03-28T09:00:24+00:00\",\"breadcrumb\":{\"@id\":\"https:\/\/abcxssefw.hlyhosted.at\/it\/index.php\/informativa-sulla-privacy\/#breadcrumb\"},\"inLanguage\":\"it-IT\",\"potentialAction\":[{\"@type\":\"ReadAction\",\"target\":[\"https:\/\/abcxssefw.hlyhosted.at\/it\/index.php\/informativa-sulla-privacy\/\"]}]},{\"@type\":\"BreadcrumbList\",\"@id\":\"https:\/\/abcxssefw.hlyhosted.at\/it\/index.php\/informativa-sulla-privacy\/#breadcrumb\",\"itemListElement\":[{\"@type\":\"ListItem\",\"position\":1,\"name\":\"Startseite\",\"item\":\"https:\/\/abcxssefw.hlyhosted.at\/it\/\"},{\"@type\":\"ListItem\",\"position\":2,\"name\":\"Informativa sulla privacy\"}]},{\"@type\":\"WebSite\",\"@id\":\"https:\/\/abcxssefw.hlyhosted.at\/it\/#website\",\"url\":\"https:\/\/abcxssefw.hlyhosted.at\/it\/\",\"name\":\"Appartements Pichler\",\"description\":\"Ferienwohnungen Sillian\",\"publisher\":{\"@id\":\"https:\/\/abcxssefw.hlyhosted.at\/it\/#organization\"},\"potentialAction\":[{\"@type\":\"SearchAction\",\"target\":{\"@type\":\"EntryPoint\",\"urlTemplate\":\"https:\/\/abcxssefw.hlyhosted.at\/it\/?s={search_term_string}\"},\"query-input\":{\"@type\":\"PropertyValueSpecification\",\"valueRequired\":true,\"valueName\":\"search_term_string\"}}],\"inLanguage\":\"it-IT\"},{\"@type\":\"Organization\",\"@id\":\"https:\/\/abcxssefw.hlyhosted.at\/it\/#organization\",\"name\":\"Appartements Pichler\",\"url\":\"https:\/\/abcxssefw.hlyhosted.at\/it\/\",\"logo\":{\"@type\":\"ImageObject\",\"inLanguage\":\"it-IT\",\"@id\":\"https:\/\/abcxssefw.hlyhosted.at\/it\/#\/schema\/logo\/image\/\",\"url\":\"https:\/\/abcxssefw.hlyhosted.at\/wp-content\/uploads\/2025\/03\/logo.png\",\"contentUrl\":\"https:\/\/abcxssefw.hlyhosted.at\/wp-content\/uploads\/2025\/03\/logo.png\",\"width\":4600,\"height\":2695,\"caption\":\"Appartements Pichler\"},\"image\":{\"@id\":\"https:\/\/abcxssefw.hlyhosted.at\/it\/#\/schema\/logo\/image\/\"}}]}<\/script>\n<!-- \/ Yoast SEO plugin. -->","yoast_head_json":{"title":"Informativa sulla privacy - Appartements Pichler","robots":{"index":"index","follow":"follow","max-snippet":"max-snippet:-1","max-image-preview":"max-image-preview:large","max-video-preview":"max-video-preview:-1"},"canonical":"https:\/\/abcxssefw.hlyhosted.at\/it\/index.php\/informativa-sulla-privacy\/","og_locale":"it_IT","og_type":"article","og_title":"Informativa sulla privacy - Appartements Pichler","og_description":"Informativa sulla privacy La protezione dei tuoi dati personali ci sta particolarmente a cuore. Per questo motivo trattiamo i tuoi dati esclusivamente sulla base delle disposizioni di legge (GDPR, TKG 2003). In questa informativa sulla protezione dei dati, ti informiamo sugli aspetti pi\u00f9 importanti del trattamento dei dati sul nostro sito web. Contattaci Se ci [&hellip;]","og_url":"https:\/\/abcxssefw.hlyhosted.at\/it\/index.php\/informativa-sulla-privacy\/","og_site_name":"Appartements Pichler","article_modified_time":"2025-03-28T09:00:24+00:00","twitter_card":"summary_large_image","twitter_misc":{"Tempo di lettura stimato":"2 minuti"},"schema":{"@context":"https:\/\/schema.org","@graph":[{"@type":"WebPage","@id":"https:\/\/abcxssefw.hlyhosted.at\/it\/index.php\/informativa-sulla-privacy\/","url":"https:\/\/abcxssefw.hlyhosted.at\/it\/index.php\/informativa-sulla-privacy\/","name":"Informativa sulla privacy - Appartements Pichler","isPartOf":{"@id":"https:\/\/abcxssefw.hlyhosted.at\/it\/#website"},"datePublished":"2025-03-17T09:48:15+00:00","dateModified":"2025-03-28T09:00:24+00:00","breadcrumb":{"@id":"https:\/\/abcxssefw.hlyhosted.at\/it\/index.php\/informativa-sulla-privacy\/#breadcrumb"},"inLanguage":"it-IT","potentialAction":[{"@type":"ReadAction","target":["https:\/\/abcxssefw.hlyhosted.at\/it\/index.php\/informativa-sulla-privacy\/"]}]},{"@type":"BreadcrumbList","@id":"https:\/\/abcxssefw.hlyhosted.at\/it\/index.php\/informativa-sulla-privacy\/#breadcrumb","itemListElement":[{"@type":"ListItem","position":1,"name":"Startseite","item":"https:\/\/abcxssefw.hlyhosted.at\/it\/"},{"@type":"ListItem","position":2,"name":"Informativa sulla privacy"}]},{"@type":"WebSite","@id":"https:\/\/abcxssefw.hlyhosted.at\/it\/#website","url":"https:\/\/abcxssefw.hlyhosted.at\/it\/","name":"Appartements Pichler","description":"Ferienwohnungen Sillian","publisher":{"@id":"https:\/\/abcxssefw.hlyhosted.at\/it\/#organization"},"potentialAction":[{"@type":"SearchAction","target":{"@type":"EntryPoint","urlTemplate":"https:\/\/abcxssefw.hlyhosted.at\/it\/?s={search_term_string}"},"query-input":{"@type":"PropertyValueSpecification","valueRequired":true,"valueName":"search_term_string"}}],"inLanguage":"it-IT"},{"@type":"Organization","@id":"https:\/\/abcxssefw.hlyhosted.at\/it\/#organization","name":"Appartements Pichler","url":"https:\/\/abcxssefw.hlyhosted.at\/it\/","logo":{"@type":"ImageObject","inLanguage":"it-IT","@id":"https:\/\/abcxssefw.hlyhosted.at\/it\/#\/schema\/logo\/image\/","url":"https:\/\/abcxssefw.hlyhosted.at\/wp-content\/uploads\/2025\/03\/logo.png","contentUrl":"https:\/\/abcxssefw.hlyhosted.at\/wp-content\/uploads\/2025\/03\/logo.png","width":4600,"height":2695,"caption":"Appartements Pichler"},"image":{"@id":"https:\/\/abcxssefw.hlyhosted.at\/it\/#\/schema\/logo\/image\/"}}]}},"_links":{"self":[{"href":"https:\/\/abcxssefw.hlyhosted.at\/it\/index.php\/wp-json\/wp\/v2\/pages\/438","targetHints":{"allow":["GET"]}}],"collection":[{"href":"https:\/\/abcxssefw.hlyhosted.at\/it\/index.php\/wp-json\/wp\/v2\/pages"}],"about":[{"href":"https:\/\/abcxssefw.hlyhosted.at\/it\/index.php\/wp-json\/wp\/v2\/types\/page"}],"author":[{"embeddable":true,"href":"https:\/\/abcxssefw.hlyhosted.at\/it\/index.php\/wp-json\/wp\/v2\/users\/1"}],"replies":[{"embeddable":true,"href":"https:\/\/abcxssefw.hlyhosted.at\/it\/index.php\/wp-json\/wp\/v2\/comments?post=438"}],"version-history":[{"count":1,"href":"https:\/\/abcxssefw.hlyhosted.at\/it\/index.php\/wp-json\/wp\/v2\/pages\/438\/revisions"}],"predecessor-version":[{"id":593,"href":"https:\/\/abcxssefw.hlyhosted.at\/it\/index.php\/wp-json\/wp\/v2\/pages\/438\/revisions\/593"}],"wp:attachment":[{"href":"https:\/\/abcxssefw.hlyhosted.at\/it\/index.php\/wp-json\/wp\/v2\/media?parent=438"}],"curies":[{"name":"wp","href":"https:\/\/api.w.org\/{rel}","templated":true}]}}