{"id":442,"date":"2025-03-17T09:06:54","date_gmt":"2025-03-17T09:06:54","guid":{"rendered":"https:\/\/abcxssefw.hlyhosted.at\/index.php\/attivita-invernali\/"},"modified":"2025-03-28T09:00:19","modified_gmt":"2025-03-28T09:00:19","slug":"attivita-invernali","status":"publish","type":"page","link":"https:\/\/abcxssefw.hlyhosted.at\/it\/index.php\/attivita-invernali\/","title":{"rendered":"Attivit\u00e0 invernali"},"content":{"rendered":"\t\t<div data-elementor-type=\"wp-page\" data-elementor-id=\"442\" class=\"elementor elementor-442 elementor-155\" data-elementor-post-type=\"page\">\n\t\t\t\t<div class=\"elementor-element elementor-element-b9bd511 e-flex e-con-boxed e-con e-parent\" data-id=\"b9bd511\" data-element_type=\"container\">\n\t\t\t\t\t<div class=\"e-con-inner\">\n\t\t\t\t<div class=\"elementor-element elementor-element-b0a016a elementor-widget elementor-widget-heading\" data-id=\"b0a016a\" data-element_type=\"widget\" data-widget_type=\"heading.default\">\n\t\t\t\t<div class=\"elementor-widget-container\">\n\t\t\t\t\t<h1 class=\"elementor-heading-title elementor-size-default\">Attivit\u00e0 invernali<\/h1>\t\t\t\t<\/div>\n\t\t\t\t<\/div>\n\t\t\t\t<div class=\"elementor-element elementor-element-45f45fd elementor-widget elementor-widget-text-editor\" data-id=\"45f45fd\" data-element_type=\"widget\" data-widget_type=\"text-editor.default\">\n\t\t\t\t<div class=\"elementor-widget-container\">\n\t\t\t\t\t\t\t\t\t<h2><strong>Sciare in Tirolo Orientale<br><\/strong><\/h2><p>350 km di piste in diverse aree sciistiche del Tirolo Orientale, nella regione pi\u00f9 soleggiata dell&#8217;Austria, o nella vicina area sciistica di Helm\/Hochpustertal.<\/p>\t\t\t\t\t\t\t\t<\/div>\n\t\t\t\t<\/div>\n\t\t\t\t<div class=\"elementor-element elementor-element-0b7201f elementor-widget elementor-widget-video\" data-id=\"0b7201f\" data-element_type=\"widget\" data-settings=\"{&quot;youtube_url&quot;:&quot;https:\\\/\\\/youtu.be\\\/fD1pJglylcw&quot;,&quot;video_type&quot;:&quot;youtube&quot;,&quot;controls&quot;:&quot;yes&quot;}\" data-widget_type=\"video.default\">\n\t\t\t\t<div class=\"elementor-widget-container\">\n\t\t\t\t\t\t\t<div class=\"elementor-wrapper elementor-open-inline\">\n\t\t\t<div class=\"elementor-video\"><\/div>\t\t<\/div>\n\t\t\t\t\t\t<\/div>\n\t\t\t\t<\/div>\n\t\t\t\t<div class=\"elementor-element elementor-element-8d9d03b elementor-widget elementor-widget-text-editor\" data-id=\"8d9d03b\" data-element_type=\"widget\" data-widget_type=\"text-editor.default\">\n\t\t\t\t<div class=\"elementor-widget-container\">\n\t\t\t\t\t\t\t\t\t<h2><strong>Sciare sulle 3 cime<br><\/strong><\/h2><p>3 Zinnen Dolomites \u00e8 la stazione sciistica ideale per gli intenditori che cercano una variet\u00e0 di esperienze sciistiche in una moderna localit\u00e0 delle Dolomiti.<\/p>\t\t\t\t\t\t\t\t<\/div>\n\t\t\t\t<\/div>\n\t\t\t\t<div class=\"elementor-element elementor-element-81300f9 elementor-widget elementor-widget-video\" data-id=\"81300f9\" data-element_type=\"widget\" data-settings=\"{&quot;youtube_url&quot;:&quot;https:\\\/\\\/youtu.be\\\/OCXSZhIyq60&quot;,&quot;video_type&quot;:&quot;youtube&quot;,&quot;controls&quot;:&quot;yes&quot;}\" data-widget_type=\"video.default\">\n\t\t\t\t<div class=\"elementor-widget-container\">\n\t\t\t\t\t\t\t<div class=\"elementor-wrapper elementor-open-inline\">\n\t\t\t<div class=\"elementor-video\"><\/div>\t\t<\/div>\n\t\t\t\t\t\t<\/div>\n\t\t\t\t<\/div>\n\t\t\t\t<div class=\"elementor-element elementor-element-be352dc elementor-widget elementor-widget-text-editor\" data-id=\"be352dc\" data-element_type=\"widget\" data-widget_type=\"text-editor.default\">\n\t\t\t\t<div class=\"elementor-widget-container\">\n\t\t\t\t\t\t\t\t\t<h2><strong>Sci di fondo<br><\/strong><\/h2><p>Oltre 120 km di piste battute sono a disposizione degli ospiti del Tirolo Orientale\/Alto Adige.<br><br>Costo della pista<br>Biglietto giornaliero \u20ac 5,-<br>Biglietto settimanale (regionale) \u20ac 20,-<br>Biglietto settimanale (nazionale) \u20ac 25,-<br><br>Grenzlandloipe Obertilliach<br>Grenzlandloipe Kartitsch<br>Loipe Innervillgraten<br>Loipe Toblach\/Innichen\/Sexten<\/p>\t\t\t\t\t\t\t\t<\/div>\n\t\t\t\t<\/div>\n\t\t\t\t<div class=\"elementor-element elementor-element-0de4b67 elementor-widget elementor-widget-video\" data-id=\"0de4b67\" data-element_type=\"widget\" data-settings=\"{&quot;youtube_url&quot;:&quot;https:\\\/\\\/youtu.be\\\/IRWJaRCwmq0&quot;,&quot;video_type&quot;:&quot;youtube&quot;,&quot;controls&quot;:&quot;yes&quot;}\" data-widget_type=\"video.default\">\n\t\t\t\t<div class=\"elementor-widget-container\">\n\t\t\t\t\t\t\t<div class=\"elementor-wrapper elementor-open-inline\">\n\t\t\t<div class=\"elementor-video\"><\/div>\t\t<\/div>\n\t\t\t\t\t\t<\/div>\n\t\t\t\t<\/div>\n\t\t\t\t<div class=\"elementor-element elementor-element-12c1993 elementor-widget elementor-widget-text-editor\" data-id=\"12c1993\" data-element_type=\"widget\" data-widget_type=\"text-editor.default\">\n\t\t\t\t<div class=\"elementor-widget-container\">\n\t\t\t\t\t\t\t\t\t<h2><strong>Tour sugli sci<br><\/strong><\/h2><p>Le destinazioni sciistiche del Tirolo Orientale sono innumerevoli.<br>Ti aspettano le regioni degli Alti Tauri, del Villgrater, delle Alpi della Gailtal (con le Dolomiti di Lienz) e dell&#8217;Alta Via Carnica.<\/p>\t\t\t\t\t\t\t\t<\/div>\n\t\t\t\t<\/div>\n\t\t\t\t<div class=\"elementor-element elementor-element-19a801b elementor-widget elementor-widget-video\" data-id=\"19a801b\" data-element_type=\"widget\" data-settings=\"{&quot;youtube_url&quot;:&quot;https:\\\/\\\/youtu.be\\\/vzJO4XoWDNw&quot;,&quot;video_type&quot;:&quot;youtube&quot;,&quot;controls&quot;:&quot;yes&quot;}\" data-widget_type=\"video.default\">\n\t\t\t\t<div class=\"elementor-widget-container\">\n\t\t\t\t\t\t\t<div class=\"elementor-wrapper elementor-open-inline\">\n\t\t\t<div class=\"elementor-video\"><\/div>\t\t<\/div>\n\t\t\t\t\t\t<\/div>\n\t\t\t\t<\/div>\n\t\t\t\t\t<\/div>\n\t\t\t\t<\/div>\n\t\t\t\t<\/div>\n\t\t","protected":false},"excerpt":{"rendered":"<p>Attivit\u00e0 invernali Sciare in Tirolo Orientale 350 km di piste in diverse aree sciistiche del Tirolo Orientale, nella regione pi\u00f9 soleggiata dell&#8217;Austria, o nella vicina area sciistica di Helm\/Hochpustertal. https:\/\/youtu.be\/fD1pJglylcw Sciare sulle 3 cime 3 Zinnen Dolomites \u00e8 la stazione sciistica ideale per gli intenditori che cercano una variet\u00e0 di esperienze sciistiche in una moderna [&hellip;]<\/p>\n","protected":false},"author":1,"featured_media":0,"parent":0,"menu_order":0,"comment_status":"closed","ping_status":"closed","template":"elementor_header_footer","meta":{"footnotes":""},"class_list":["post-442","page","type-page","status-publish","hentry","entry"],"yoast_head":"<!-- This site is optimized with the Yoast SEO plugin v25.0 - https:\/\/yoast.com\/wordpress\/plugins\/seo\/ -->\n<title>Attivit\u00e0 invernali - Appartements Pichler<\/title>\n<meta name=\"description\" content=\"Prova tutte le attivit\u00e0 invernali nei dintorni dei nostri appartamenti vacanze a Sillian \/ Tirolo Orientale: sci, sci di fondo o sci alpinismo.\" \/>\n<meta name=\"robots\" content=\"index, follow, max-snippet:-1, max-image-preview:large, max-video-preview:-1\" \/>\n<link rel=\"canonical\" href=\"https:\/\/abcxssefw.hlyhosted.at\/it\/index.php\/attivita-invernali\/\" \/>\n<meta property=\"og:locale\" content=\"it_IT\" \/>\n<meta property=\"og:type\" content=\"article\" \/>\n<meta property=\"og:title\" content=\"Attivit\u00e0 invernali - Appartements Pichler\" \/>\n<meta property=\"og:description\" content=\"Prova tutte le attivit\u00e0 invernali nei dintorni dei nostri appartamenti vacanze a Sillian \/ Tirolo Orientale: sci, sci di fondo o sci alpinismo.\" \/>\n<meta property=\"og:url\" content=\"https:\/\/abcxssefw.hlyhosted.at\/it\/index.php\/attivita-invernali\/\" \/>\n<meta property=\"og:site_name\" content=\"Appartements Pichler\" \/>\n<meta property=\"article:modified_time\" content=\"2025-03-28T09:00:19+00:00\" \/>\n<meta name=\"twitter:card\" content=\"summary_large_image\" \/>\n<meta name=\"twitter:label1\" content=\"Tempo di lettura stimato\" \/>\n\t<meta name=\"twitter:data1\" content=\"1 minuto\" \/>\n<script type=\"application\/ld+json\" class=\"yoast-schema-graph\">{\"@context\":\"https:\/\/schema.org\",\"@graph\":[{\"@type\":\"WebPage\",\"@id\":\"https:\/\/abcxssefw.hlyhosted.at\/it\/index.php\/attivita-invernali\/\",\"url\":\"https:\/\/abcxssefw.hlyhosted.at\/it\/index.php\/attivita-invernali\/\",\"name\":\"Attivit\u00e0 invernali - Appartements Pichler\",\"isPartOf\":{\"@id\":\"https:\/\/abcxssefw.hlyhosted.at\/it\/#website\"},\"datePublished\":\"2025-03-17T09:06:54+00:00\",\"dateModified\":\"2025-03-28T09:00:19+00:00\",\"description\":\"Prova tutte le attivit\u00e0 invernali nei dintorni dei nostri appartamenti vacanze a Sillian \/ Tirolo Orientale: sci, sci di fondo o sci alpinismo.\",\"breadcrumb\":{\"@id\":\"https:\/\/abcxssefw.hlyhosted.at\/it\/index.php\/attivita-invernali\/#breadcrumb\"},\"inLanguage\":\"it-IT\",\"potentialAction\":[{\"@type\":\"ReadAction\",\"target\":[\"https:\/\/abcxssefw.hlyhosted.at\/it\/index.php\/attivita-invernali\/\"]}]},{\"@type\":\"BreadcrumbList\",\"@id\":\"https:\/\/abcxssefw.hlyhosted.at\/it\/index.php\/attivita-invernali\/#breadcrumb\",\"itemListElement\":[{\"@type\":\"ListItem\",\"position\":1,\"name\":\"Startseite\",\"item\":\"https:\/\/abcxssefw.hlyhosted.at\/it\/\"},{\"@type\":\"ListItem\",\"position\":2,\"name\":\"Attivit\u00e0 invernali\"}]},{\"@type\":\"WebSite\",\"@id\":\"https:\/\/abcxssefw.hlyhosted.at\/it\/#website\",\"url\":\"https:\/\/abcxssefw.hlyhosted.at\/it\/\",\"name\":\"Appartements Pichler\",\"description\":\"Ferienwohnungen Sillian\",\"publisher\":{\"@id\":\"https:\/\/abcxssefw.hlyhosted.at\/it\/#organization\"},\"potentialAction\":[{\"@type\":\"SearchAction\",\"target\":{\"@type\":\"EntryPoint\",\"urlTemplate\":\"https:\/\/abcxssefw.hlyhosted.at\/it\/?s={search_term_string}\"},\"query-input\":{\"@type\":\"PropertyValueSpecification\",\"valueRequired\":true,\"valueName\":\"search_term_string\"}}],\"inLanguage\":\"it-IT\"},{\"@type\":\"Organization\",\"@id\":\"https:\/\/abcxssefw.hlyhosted.at\/it\/#organization\",\"name\":\"Appartements Pichler\",\"url\":\"https:\/\/abcxssefw.hlyhosted.at\/it\/\",\"logo\":{\"@type\":\"ImageObject\",\"inLanguage\":\"it-IT\",\"@id\":\"https:\/\/abcxssefw.hlyhosted.at\/it\/#\/schema\/logo\/image\/\",\"url\":\"https:\/\/abcxssefw.hlyhosted.at\/wp-content\/uploads\/2025\/03\/logo.png\",\"contentUrl\":\"https:\/\/abcxssefw.hlyhosted.at\/wp-content\/uploads\/2025\/03\/logo.png\",\"width\":4600,\"height\":2695,\"caption\":\"Appartements Pichler\"},\"image\":{\"@id\":\"https:\/\/abcxssefw.hlyhosted.at\/it\/#\/schema\/logo\/image\/\"}}]}<\/script>\n<!-- \/ Yoast SEO plugin. -->","yoast_head_json":{"title":"Attivit\u00e0 invernali - Appartements Pichler","description":"Prova tutte le attivit\u00e0 invernali nei dintorni dei nostri appartamenti vacanze a Sillian \/ Tirolo Orientale: sci, sci di fondo o sci alpinismo.","robots":{"index":"index","follow":"follow","max-snippet":"max-snippet:-1","max-image-preview":"max-image-preview:large","max-video-preview":"max-video-preview:-1"},"canonical":"https:\/\/abcxssefw.hlyhosted.at\/it\/index.php\/attivita-invernali\/","og_locale":"it_IT","og_type":"article","og_title":"Attivit\u00e0 invernali - Appartements Pichler","og_description":"Prova tutte le attivit\u00e0 invernali nei dintorni dei nostri appartamenti vacanze a Sillian \/ Tirolo Orientale: sci, sci di fondo o sci alpinismo.","og_url":"https:\/\/abcxssefw.hlyhosted.at\/it\/index.php\/attivita-invernali\/","og_site_name":"Appartements Pichler","article_modified_time":"2025-03-28T09:00:19+00:00","twitter_card":"summary_large_image","twitter_misc":{"Tempo di lettura stimato":"1 minuto"},"schema":{"@context":"https:\/\/schema.org","@graph":[{"@type":"WebPage","@id":"https:\/\/abcxssefw.hlyhosted.at\/it\/index.php\/attivita-invernali\/","url":"https:\/\/abcxssefw.hlyhosted.at\/it\/index.php\/attivita-invernali\/","name":"Attivit\u00e0 invernali - Appartements Pichler","isPartOf":{"@id":"https:\/\/abcxssefw.hlyhosted.at\/it\/#website"},"datePublished":"2025-03-17T09:06:54+00:00","dateModified":"2025-03-28T09:00:19+00:00","description":"Prova tutte le attivit\u00e0 invernali nei dintorni dei nostri appartamenti vacanze a Sillian \/ Tirolo Orientale: sci, sci di fondo o sci alpinismo.","breadcrumb":{"@id":"https:\/\/abcxssefw.hlyhosted.at\/it\/index.php\/attivita-invernali\/#breadcrumb"},"inLanguage":"it-IT","potentialAction":[{"@type":"ReadAction","target":["https:\/\/abcxssefw.hlyhosted.at\/it\/index.php\/attivita-invernali\/"]}]},{"@type":"BreadcrumbList","@id":"https:\/\/abcxssefw.hlyhosted.at\/it\/index.php\/attivita-invernali\/#breadcrumb","itemListElement":[{"@type":"ListItem","position":1,"name":"Startseite","item":"https:\/\/abcxssefw.hlyhosted.at\/it\/"},{"@type":"ListItem","position":2,"name":"Attivit\u00e0 invernali"}]},{"@type":"WebSite","@id":"https:\/\/abcxssefw.hlyhosted.at\/it\/#website","url":"https:\/\/abcxssefw.hlyhosted.at\/it\/","name":"Appartements Pichler","description":"Ferienwohnungen Sillian","publisher":{"@id":"https:\/\/abcxssefw.hlyhosted.at\/it\/#organization"},"potentialAction":[{"@type":"SearchAction","target":{"@type":"EntryPoint","urlTemplate":"https:\/\/abcxssefw.hlyhosted.at\/it\/?s={search_term_string}"},"query-input":{"@type":"PropertyValueSpecification","valueRequired":true,"valueName":"search_term_string"}}],"inLanguage":"it-IT"},{"@type":"Organization","@id":"https:\/\/abcxssefw.hlyhosted.at\/it\/#organization","name":"Appartements Pichler","url":"https:\/\/abcxssefw.hlyhosted.at\/it\/","logo":{"@type":"ImageObject","inLanguage":"it-IT","@id":"https:\/\/abcxssefw.hlyhosted.at\/it\/#\/schema\/logo\/image\/","url":"https:\/\/abcxssefw.hlyhosted.at\/wp-content\/uploads\/2025\/03\/logo.png","contentUrl":"https:\/\/abcxssefw.hlyhosted.at\/wp-content\/uploads\/2025\/03\/logo.png","width":4600,"height":2695,"caption":"Appartements Pichler"},"image":{"@id":"https:\/\/abcxssefw.hlyhosted.at\/it\/#\/schema\/logo\/image\/"}}]}},"_links":{"self":[{"href":"https:\/\/abcxssefw.hlyhosted.at\/it\/index.php\/wp-json\/wp\/v2\/pages\/442","targetHints":{"allow":["GET"]}}],"collection":[{"href":"https:\/\/abcxssefw.hlyhosted.at\/it\/index.php\/wp-json\/wp\/v2\/pages"}],"about":[{"href":"https:\/\/abcxssefw.hlyhosted.at\/it\/index.php\/wp-json\/wp\/v2\/types\/page"}],"author":[{"embeddable":true,"href":"https:\/\/abcxssefw.hlyhosted.at\/it\/index.php\/wp-json\/wp\/v2\/users\/1"}],"replies":[{"embeddable":true,"href":"https:\/\/abcxssefw.hlyhosted.at\/it\/index.php\/wp-json\/wp\/v2\/comments?post=442"}],"version-history":[{"count":1,"href":"https:\/\/abcxssefw.hlyhosted.at\/it\/index.php\/wp-json\/wp\/v2\/pages\/442\/revisions"}],"predecessor-version":[{"id":576,"href":"https:\/\/abcxssefw.hlyhosted.at\/it\/index.php\/wp-json\/wp\/v2\/pages\/442\/revisions\/576"}],"wp:attachment":[{"href":"https:\/\/abcxssefw.hlyhosted.at\/it\/index.php\/wp-json\/wp\/v2\/media?parent=442"}],"curies":[{"name":"wp","href":"https:\/\/api.w.org\/{rel}","templated":true}]}}